{"id":148,"date":"2024-03-14T15:08:12","date_gmt":"2024-03-14T18:08:12","guid":{"rendered":"https:\/\/megainter.com.br\/hydroplan\/?page_id=148"},"modified":"2024-05-22T22:29:50","modified_gmt":"2024-05-23T01:29:50","slug":"oleos-essenciais","status":"publish","type":"page","link":"https:\/\/megainter.com.br\/hydroplan\/oleos-essenciais\/","title":{"rendered":"\u00d3leos Essenciais"},"content":{"rendered":"\t\t<div data-elementor-type=\"wp-page\" data-elementor-id=\"148\" class=\"elementor elementor-148\">\n\t\t\t\t<div class=\"elementor-element elementor-element-81ec1f2 e-flex e-con-boxed e-con e-parent\" data-id=\"81ec1f2\" data-element_type=\"container\" data-core-v316-plus=\"true\">\n\t\t\t\t\t<div class=\"e-con-inner\">\n\t\t<div class=\"elementor-element elementor-element-1a0bac7 e-con-full e-flex e-con e-child\" data-id=\"1a0bac7\" data-element_type=\"container\">\n\t\t\t\t<div class=\"elementor-element elementor-element-f3c899f elementor-widget elementor-widget-image\" data-id=\"f3c899f\" data-element_type=\"widget\" data-widget_type=\"image.default\">\n\t\t\t\t<div class=\"elementor-widget-container\">\n\t\t\t<style>\/*! elementor - v3.20.0 - 13-03-2024 *\/\n.elementor-widget-image{text-align:center}.elementor-widget-image a{display:inline-block}.elementor-widget-image a img[src$=\".svg\"]{width:48px}.elementor-widget-image img{vertical-align:middle;display:inline-block}<\/style>\t\t\t\t\t\t\t\t\t\t<img decoding=\"async\" width=\"230\" height=\"188\" src=\"https:\/\/megainter.com.br\/hydroplan\/wp-content\/uploads\/2024\/03\/logo-interna.png\" class=\"attachment-large size-large wp-image-158\" alt=\"\" \/>\t\t\t\t\t\t\t\t\t\t\t\t\t<\/div>\n\t\t\t\t<\/div>\n\t\t\t\t<\/div>\n\t\t<div class=\"elementor-element elementor-element-115ccb1 e-con-full e-flex e-con e-child\" data-id=\"115ccb1\" data-element_type=\"container\">\n\t\t<div class=\"elementor-element elementor-element-edac96b e-flex e-con-boxed e-con e-child\" data-id=\"edac96b\" data-element_type=\"container\">\n\t\t\t\t\t<div class=\"e-con-inner\">\n\t\t\t\t<div class=\"elementor-element elementor-element-7190b26 elementor-widget elementor-widget-heading\" data-id=\"7190b26\" data-element_type=\"widget\" data-widget_type=\"heading.default\">\n\t\t\t\t<div class=\"elementor-widget-container\">\n\t\t\t<style>\/*! elementor - v3.20.0 - 13-03-2024 *\/\n.elementor-heading-title{padding:0;margin:0;line-height:1}.elementor-widget-heading .elementor-heading-title[class*=elementor-size-]>a{color:inherit;font-size:inherit;line-height:inherit}.elementor-widget-heading .elementor-heading-title.elementor-size-small{font-size:15px}.elementor-widget-heading .elementor-heading-title.elementor-size-medium{font-size:19px}.elementor-widget-heading .elementor-heading-title.elementor-size-large{font-size:29px}.elementor-widget-heading .elementor-heading-title.elementor-size-xl{font-size:39px}.elementor-widget-heading .elementor-heading-title.elementor-size-xxl{font-size:59px}<\/style><h2 class=\"elementor-heading-title elementor-size-default\">\u00d3LEOS ESSENCIAIS<\/h2>\t\t<\/div>\n\t\t\t\t<\/div>\n\t\t\t\t\t<\/div>\n\t\t\t\t<\/div>\n\t\t\t\t<div class=\"elementor-element elementor-element-e6dfee2 elementor-widget elementor-widget-text-editor\" data-id=\"e6dfee2\" data-element_type=\"widget\" data-widget_type=\"text-editor.default\">\n\t\t\t\t<div class=\"elementor-widget-container\">\n\t\t\t<style>\/*! elementor - v3.20.0 - 13-03-2024 *\/\n.elementor-widget-text-editor.elementor-drop-cap-view-stacked .elementor-drop-cap{background-color:#69727d;color:#fff}.elementor-widget-text-editor.elementor-drop-cap-view-framed .elementor-drop-cap{color:#69727d;border:3px solid;background-color:transparent}.elementor-widget-text-editor:not(.elementor-drop-cap-view-default) .elementor-drop-cap{margin-top:8px}.elementor-widget-text-editor:not(.elementor-drop-cap-view-default) .elementor-drop-cap-letter{width:1em;height:1em}.elementor-widget-text-editor .elementor-drop-cap{float:left;text-align:center;line-height:1;font-size:50px}.elementor-widget-text-editor .elementor-drop-cap-letter{display:inline-block}<\/style>\t\t\t\t<p>A linha de \u00f3leos essenciais desenvolvida pela Hydroplan-EB tem como finalidade aumentar as alternativas de manejo no campo de uma forma sustent\u00e1vel e segura, trata-se de uma linha de baixo impacto ambiental uma vez que os produtos s\u00e3o elaborados com \u00f3leos essenciais 100% natural.<br>Os \u00f3leos essenciais s\u00e3o extratos naturais superconcentrados, extra\u00eddos das flores, folhas, frutas, madeira, caule, ra\u00edzes, rizomas e sementes.<br>Substancias vol\u00e1teis que integram o metabolismo secund\u00e1rio das plantas e que atua em diversas fun\u00e7\u00f5es.<br>Al\u00e9m do produto para higieniza\u00e7\u00e3o dos sistemas agr\u00edcolas, a linha conta com novos adjuvantes a base de \u00f3leos essenciais.<\/p>\t\t\t\t\t\t<\/div>\n\t\t\t\t<\/div>\n\t\t<div class=\"elementor-element elementor-element-ac59d18 e-grid e-con-boxed e-con e-child\" data-id=\"ac59d18\" data-element_type=\"container\">\n\t\t\t\t\t<div class=\"e-con-inner\">\n\t\t\t\t<div class=\"elementor-element elementor-element-9ffe22a elementor-widget elementor-widget-image\" data-id=\"9ffe22a\" data-element_type=\"widget\" data-widget_type=\"image.default\">\n\t\t\t\t<div class=\"elementor-widget-container\">\n\t\t\t\t\t\t\t\t\t\t\t\t\t\t<a href=\"https:\/\/megainter.com.br\/hydroplan\/?page_id=206\">\n\t\t\t\t\t\t\t<img fetchpriority=\"high\" decoding=\"async\" width=\"422\" height=\"900\" src=\"https:\/\/megainter.com.br\/hydroplan\/wp-content\/uploads\/2024\/03\/Pro-Lyks-Vegetal.png\" class=\"elementor-animation-grow attachment-large size-large wp-image-189\" alt=\"\" srcset=\"https:\/\/megainter.com.br\/hydroplan\/wp-content\/uploads\/2024\/03\/Pro-Lyks-Vegetal.png 422w, https:\/\/megainter.com.br\/hydroplan\/wp-content\/uploads\/2024\/03\/Pro-Lyks-Vegetal-141x300.png 141w\" sizes=\"(max-width: 422px) 100vw, 422px\" \/>\t\t\t\t\t\t\t\t<\/a>\n\t\t\t\t\t\t\t\t\t\t\t\t\t<\/div>\n\t\t\t\t<\/div>\n\t\t\t\t<div class=\"elementor-element elementor-element-55a32e9 elementor-widget elementor-widget-image\" data-id=\"55a32e9\" data-element_type=\"widget\" data-widget_type=\"image.default\">\n\t\t\t\t<div class=\"elementor-widget-container\">\n\t\t\t\t\t\t\t\t\t\t\t\t\t\t<a href=\"https:\/\/megainter.com.br\/hydroplan\/?page_id=277\">\n\t\t\t\t\t\t\t<img decoding=\"async\" width=\"422\" height=\"900\" src=\"https:\/\/megainter.com.br\/hydroplan\/wp-content\/uploads\/2024\/03\/Pro-Lyks.png\" class=\"elementor-animation-grow attachment-large size-large wp-image-193\" alt=\"\" srcset=\"https:\/\/megainter.com.br\/hydroplan\/wp-content\/uploads\/2024\/03\/Pro-Lyks.png 422w, https:\/\/megainter.com.br\/hydroplan\/wp-content\/uploads\/2024\/03\/Pro-Lyks-141x300.png 141w\" sizes=\"(max-width: 422px) 100vw, 422px\" \/>\t\t\t\t\t\t\t\t<\/a>\n\t\t\t\t\t\t\t\t\t\t\t\t\t<\/div>\n\t\t\t\t<\/div>\n\t\t\t\t<div class=\"elementor-element elementor-element-769f8e5 elementor-widget elementor-widget-image\" data-id=\"769f8e5\" data-element_type=\"widget\" data-widget_type=\"image.default\">\n\t\t\t\t<div class=\"elementor-widget-container\">\n\t\t\t\t\t\t\t\t\t\t\t\t\t\t<a href=\"https:\/\/megainter.com.br\/hydroplan\/?page_id=270\">\n\t\t\t\t\t\t\t<img loading=\"lazy\" decoding=\"async\" width=\"422\" height=\"900\" src=\"https:\/\/megainter.com.br\/hydroplan\/wp-content\/uploads\/2024\/03\/VALKO.png\" class=\"elementor-animation-grow attachment-large size-large wp-image-195\" alt=\"\" srcset=\"https:\/\/megainter.com.br\/hydroplan\/wp-content\/uploads\/2024\/03\/VALKO.png 422w, https:\/\/megainter.com.br\/hydroplan\/wp-content\/uploads\/2024\/03\/VALKO-141x300.png 141w\" sizes=\"(max-width: 422px) 100vw, 422px\" \/>\t\t\t\t\t\t\t\t<\/a>\n\t\t\t\t\t\t\t\t\t\t\t\t\t<\/div>\n\t\t\t\t<\/div>\n\t\t\t\t<div class=\"elementor-element elementor-element-61a80a4 elementor-widget elementor-widget-image\" data-id=\"61a80a4\" data-element_type=\"widget\" data-widget_type=\"image.default\">\n\t\t\t\t<div class=\"elementor-widget-container\">\n\t\t\t\t\t\t\t\t\t\t\t\t\t\t<a href=\"https:\/\/megainter.com.br\/hydroplan\/?page_id=266\">\n\t\t\t\t\t\t\t<img loading=\"lazy\" decoding=\"async\" width=\"422\" height=\"900\" src=\"https:\/\/megainter.com.br\/hydroplan\/wp-content\/uploads\/2024\/03\/HAPAN.png\" class=\"elementor-animation-grow attachment-large size-large wp-image-196\" alt=\"\" srcset=\"https:\/\/megainter.com.br\/hydroplan\/wp-content\/uploads\/2024\/03\/HAPAN.png 422w, https:\/\/megainter.com.br\/hydroplan\/wp-content\/uploads\/2024\/03\/HAPAN-141x300.png 141w\" sizes=\"(max-width: 422px) 100vw, 422px\" \/>\t\t\t\t\t\t\t\t<\/a>\n\t\t\t\t\t\t\t\t\t\t\t\t\t<\/div>\n\t\t\t\t<\/div>\n\t\t\t\t<div class=\"elementor-element elementor-element-5315e73 elementor-widget elementor-widget-image\" data-id=\"5315e73\" data-element_type=\"widget\" data-widget_type=\"image.default\">\n\t\t\t\t<div class=\"elementor-widget-container\">\n\t\t\t\t\t\t\t\t\t\t\t\t\t\t<a href=\"https:\/\/megainter.com.br\/hydroplan\/mullack\/\">\n\t\t\t\t\t\t\t<img loading=\"lazy\" decoding=\"async\" width=\"328\" height=\"700\" src=\"https:\/\/megainter.com.br\/hydroplan\/wp-content\/uploads\/2024\/03\/MULLACH.png\" class=\"elementor-animation-grow attachment-large size-large wp-image-323\" alt=\"\" srcset=\"https:\/\/megainter.com.br\/hydroplan\/wp-content\/uploads\/2024\/03\/MULLACH.png 328w, https:\/\/megainter.com.br\/hydroplan\/wp-content\/uploads\/2024\/03\/MULLACH-141x300.png 141w\" sizes=\"(max-width: 328px) 100vw, 328px\" \/>\t\t\t\t\t\t\t\t<\/a>\n\t\t\t\t\t\t\t\t\t\t\t\t\t<\/div>\n\t\t\t\t<\/div>\n\t\t\t\t\t<\/div>\n\t\t\t\t<\/div>\n\t\t<div class=\"elementor-element elementor-element-4c968d7 e-grid e-con-boxed e-con e-child\" data-id=\"4c968d7\" data-element_type=\"container\">\n\t\t\t\t\t<div class=\"e-con-inner\">\n\t\t\t\t<div class=\"elementor-element elementor-element-4c376f7 elementor-icon-list--layout-traditional elementor-list-item-link-full_width elementor-widget elementor-widget-icon-list\" data-id=\"4c376f7\" data-element_type=\"widget\" data-widget_type=\"icon-list.default\">\n\t\t\t\t<div class=\"elementor-widget-container\">\n\t\t\t<link rel=\"stylesheet\" href=\"https:\/\/megainter.com.br\/hydroplan\/wp-content\/plugins\/elementor\/assets\/css\/widget-icon-list.min.css\">\t\t<ul class=\"elementor-icon-list-items\">\n\t\t\t\t\t\t\t<li class=\"elementor-icon-list-item\">\n\t\t\t\t\t\t\t\t\t\t\t<a href=\"https:\/\/megainter.com.br\/hydroplan\/home\/\">\n\n\t\t\t\t\t\t\t\t\t\t\t<span class=\"elementor-icon-list-text\">VOLTAR<\/span>\n\t\t\t\t\t\t\t\t\t\t\t<\/a>\n\t\t\t\t\t\t\t\t\t<\/li>\n\t\t\t\t\t\t<\/ul>\n\t\t\t\t<\/div>\n\t\t\t\t<\/div>\n\t\t\t\t<div class=\"elementor-element elementor-element-dc9315b elementor-align-right elementor-icon-list--layout-traditional elementor-list-item-link-full_width elementor-widget elementor-widget-icon-list\" data-id=\"dc9315b\" data-element_type=\"widget\" data-widget_type=\"icon-list.default\">\n\t\t\t\t<div class=\"elementor-widget-container\">\n\t\t\t\t\t<ul class=\"elementor-icon-list-items\">\n\t\t\t\t\t\t\t<li class=\"elementor-icon-list-item\">\n\t\t\t\t\t\t\t\t\t\t\t<a href=\"https:\/\/megainter.com.br\/hydroplan\/home\/\">\n\n\t\t\t\t\t\t\t\t\t\t\t<span class=\"elementor-icon-list-text\">HOME<\/span>\n\t\t\t\t\t\t\t\t\t\t\t<\/a>\n\t\t\t\t\t\t\t\t\t<\/li>\n\t\t\t\t\t\t<\/ul>\n\t\t\t\t<\/div>\n\t\t\t\t<\/div>\n\t\t\t\t\t<\/div>\n\t\t\t\t<\/div>\n\t\t\t\t<\/div>\n\t\t\t\t\t<\/div>\n\t\t\t\t<\/div>\n\t\t\t\t<\/div>\n\t\t","protected":false},"excerpt":{"rendered":"<p>\u00d3LEOS ESSENCIAIS A linha de \u00f3leos essenciais desenvolvida pela Hydroplan-EB tem como finalidade aumentar as alternativas de manejo no campo de uma forma sustent\u00e1vel e segura, trata-se de uma linha de baixo impacto ambiental uma vez que os produtos s\u00e3o elaborados com \u00f3leos essenciais 100% natural.Os \u00f3leos essenciais s\u00e3o extratos naturais superconcentrados, extra\u00eddos das flores, [&hellip;]<\/p>\n","protected":false},"author":1,"featured_media":0,"parent":0,"menu_order":0,"comment_status":"closed","ping_status":"closed","template":"elementor_canvas","meta":{"footnotes":""},"class_list":["post-148","page","type-page","status-publish","hentry"],"_links":{"self":[{"href":"https:\/\/megainter.com.br\/hydroplan\/wp-json\/wp\/v2\/pages\/148","targetHints":{"allow":["GET"]}}],"collection":[{"href":"https:\/\/megainter.com.br\/hydroplan\/wp-json\/wp\/v2\/pages"}],"about":[{"href":"https:\/\/megainter.com.br\/hydroplan\/wp-json\/wp\/v2\/types\/page"}],"author":[{"embeddable":true,"href":"https:\/\/megainter.com.br\/hydroplan\/wp-json\/wp\/v2\/users\/1"}],"replies":[{"embeddable":true,"href":"https:\/\/megainter.com.br\/hydroplan\/wp-json\/wp\/v2\/comments?post=148"}],"version-history":[{"count":67,"href":"https:\/\/megainter.com.br\/hydroplan\/wp-json\/wp\/v2\/pages\/148\/revisions"}],"predecessor-version":[{"id":953,"href":"https:\/\/megainter.com.br\/hydroplan\/wp-json\/wp\/v2\/pages\/148\/revisions\/953"}],"wp:attachment":[{"href":"https:\/\/megainter.com.br\/hydroplan\/wp-json\/wp\/v2\/media?parent=148"}],"curies":[{"name":"wp","href":"https:\/\/api.w.org\/{rel}","templated":true}]}}