{"id":380,"date":"2024-03-27T22:35:08","date_gmt":"2024-03-28T01:35:08","guid":{"rendered":"https:\/\/megainter.com.br\/hydroplan\/?page_id=380"},"modified":"2024-05-22T22:09:02","modified_gmt":"2024-05-23T01:09:02","slug":"p-fosforo","status":"publish","type":"page","link":"https:\/\/megainter.com.br\/hydroplan\/p-fosforo\/","title":{"rendered":"P F\u00f3sforo"},"content":{"rendered":"\t\t<div data-elementor-type=\"wp-page\" data-elementor-id=\"380\" class=\"elementor elementor-380\">\n\t\t\t\t<div class=\"elementor-element elementor-element-81ec1f2 e-flex e-con-boxed e-con e-parent\" data-id=\"81ec1f2\" data-element_type=\"container\" data-core-v316-plus=\"true\">\n\t\t\t\t\t<div class=\"e-con-inner\">\n\t\t<div class=\"elementor-element elementor-element-1a0bac7 e-con-full e-flex e-con e-child\" data-id=\"1a0bac7\" data-element_type=\"container\">\n\t\t\t\t<div class=\"elementor-element elementor-element-f3c899f elementor-widget elementor-widget-image\" data-id=\"f3c899f\" data-element_type=\"widget\" data-widget_type=\"image.default\">\n\t\t\t\t<div class=\"elementor-widget-container\">\n\t\t\t<style>\/*! elementor - v3.20.0 - 13-03-2024 *\/\n.elementor-widget-image{text-align:center}.elementor-widget-image a{display:inline-block}.elementor-widget-image a img[src$=\".svg\"]{width:48px}.elementor-widget-image img{vertical-align:middle;display:inline-block}<\/style>\t\t\t\t\t\t\t\t\t\t<img decoding=\"async\" width=\"230\" height=\"188\" src=\"https:\/\/megainter.com.br\/hydroplan\/wp-content\/uploads\/2024\/03\/logo-interna.png\" class=\"attachment-large size-large wp-image-158\" alt=\"\" \/>\t\t\t\t\t\t\t\t\t\t\t\t\t<\/div>\n\t\t\t\t<\/div>\n\t\t\t\t<\/div>\n\t\t<div class=\"elementor-element elementor-element-115ccb1 e-con-full e-flex e-con e-child\" data-id=\"115ccb1\" data-element_type=\"container\">\n\t\t<div class=\"elementor-element elementor-element-edac96b e-flex e-con-boxed e-con e-child\" data-id=\"edac96b\" data-element_type=\"container\">\n\t\t\t\t\t<div class=\"e-con-inner\">\n\t\t\t\t<div class=\"elementor-element elementor-element-7190b26 elementor-widget elementor-widget-heading\" data-id=\"7190b26\" data-element_type=\"widget\" data-widget_type=\"heading.default\">\n\t\t\t\t<div class=\"elementor-widget-container\">\n\t\t\t<style>\/*! elementor - v3.20.0 - 13-03-2024 *\/\n.elementor-heading-title{padding:0;margin:0;line-height:1}.elementor-widget-heading .elementor-heading-title[class*=elementor-size-]>a{color:inherit;font-size:inherit;line-height:inherit}.elementor-widget-heading .elementor-heading-title.elementor-size-small{font-size:15px}.elementor-widget-heading .elementor-heading-title.elementor-size-medium{font-size:19px}.elementor-widget-heading .elementor-heading-title.elementor-size-large{font-size:29px}.elementor-widget-heading .elementor-heading-title.elementor-size-xl{font-size:39px}.elementor-widget-heading .elementor-heading-title.elementor-size-xxl{font-size:59px}<\/style><h2 class=\"elementor-heading-title elementor-size-default\">p f\u00f3sforo<\/h2>\t\t<\/div>\n\t\t\t\t<\/div>\n\t\t\t\t\t<\/div>\n\t\t\t\t<\/div>\n\t\t\t\t<div class=\"elementor-element elementor-element-e6dfee2 elementor-widget elementor-widget-text-editor\" data-id=\"e6dfee2\" data-element_type=\"widget\" data-widget_type=\"text-editor.default\">\n\t\t\t\t<div class=\"elementor-widget-container\">\n\t\t\t<style>\/*! elementor - v3.20.0 - 13-03-2024 *\/\n.elementor-widget-text-editor.elementor-drop-cap-view-stacked .elementor-drop-cap{background-color:#69727d;color:#fff}.elementor-widget-text-editor.elementor-drop-cap-view-framed .elementor-drop-cap{color:#69727d;border:3px solid;background-color:transparent}.elementor-widget-text-editor:not(.elementor-drop-cap-view-default) .elementor-drop-cap{margin-top:8px}.elementor-widget-text-editor:not(.elementor-drop-cap-view-default) .elementor-drop-cap-letter{width:1em;height:1em}.elementor-widget-text-editor .elementor-drop-cap{float:left;text-align:center;line-height:1;font-size:50px}.elementor-widget-text-editor .elementor-drop-cap-letter{display:inline-block}<\/style>\t\t\t\t<table border=\"0\" width=\"100%\" cellspacing=\"0\" cellpadding=\"0\"><tbody><tr><td valign=\"top\" width=\"86%\"><div align=\"justify\"><p><strong>Hydroplan-EB P<\/strong>\u00a0\u00e9 um fertilizante de alta concentra\u00e7\u00e3o de f\u00f3sforo prontamente dispon\u00edvel para absor\u00e7\u00e3o e transloca\u00e7\u00e3o pelas plantas. Complexado com aditivos especiais que impedem a fixa\u00e7\u00e3o e contribuem tamb\u00e9m na libera\u00e7\u00e3o do f\u00f3sforo adsorvido no solo.<br \/><br \/>Hydroplan-EB P \u00e9 uma formula\u00e7\u00e3o segura de baixa salinidade especialmente desenvolvida para atender a momentos de altas demandas energ\u00e9ticas dos mais diversos e exigentes cultivos.<\/p><\/div><\/td><\/tr><\/tbody><\/table>\t\t\t\t\t\t<\/div>\n\t\t\t\t<\/div>\n\t\t\t\t<div class=\"elementor-element elementor-element-ad7f7a4 elementor-widget elementor-widget-image\" data-id=\"ad7f7a4\" data-element_type=\"widget\" data-widget_type=\"image.default\">\n\t\t\t\t<div class=\"elementor-widget-container\">\n\t\t\t\t\t\t\t\t\t\t\t\t\t<img decoding=\"async\" width=\"200\" height=\"138\" src=\"https:\/\/megainter.com.br\/hydroplan\/wp-content\/uploads\/2024\/04\/apresentacao1.png\" class=\"attachment-full size-full wp-image-614\" alt=\"\" \/>\t\t\t\t\t\t\t\t\t\t\t\t\t<\/div>\n\t\t\t\t<\/div>\n\t\t<div class=\"elementor-element elementor-element-999e4bb e-grid e-con-boxed e-con e-child\" data-id=\"999e4bb\" data-element_type=\"container\">\n\t\t\t\t\t<div class=\"e-con-inner\">\n\t\t\t\t<div class=\"elementor-element elementor-element-57956d3 elementor-widget elementor-widget-image\" data-id=\"57956d3\" data-element_type=\"widget\" data-widget_type=\"image.default\">\n\t\t\t\t<div class=\"elementor-widget-container\">\n\t\t\t\t\t\t\t\t\t\t\t\t\t\t<a href=\"https:\/\/megainter.com.br\/hydroplan\/mix-fert\/\">\n\t\t\t\t\t\t\t<img fetchpriority=\"high\" decoding=\"async\" width=\"328\" height=\"700\" src=\"https:\/\/megainter.com.br\/hydroplan\/wp-content\/uploads\/2024\/03\/produto-mix-fert-1.png\" class=\"elementor-animation-grow attachment-large size-large wp-image-354\" alt=\"\" srcset=\"https:\/\/megainter.com.br\/hydroplan\/wp-content\/uploads\/2024\/03\/produto-mix-fert-1.png 328w, https:\/\/megainter.com.br\/hydroplan\/wp-content\/uploads\/2024\/03\/produto-mix-fert-1-141x300.png 141w\" sizes=\"(max-width: 328px) 100vw, 328px\" \/>\t\t\t\t\t\t\t\t<\/a>\n\t\t\t\t\t\t\t\t\t\t\t\t\t<\/div>\n\t\t\t\t<\/div>\n\t\t\t\t<div class=\"elementor-element elementor-element-505d38a elementor-widget elementor-widget-image\" data-id=\"505d38a\" data-element_type=\"widget\" data-widget_type=\"image.default\">\n\t\t\t\t<div class=\"elementor-widget-container\">\n\t\t\t\t\t\t\t\t\t\t\t\t\t\t<a href=\"https:\/\/megainter.com.br\/hydroplan\/k-potassio\/\">\n\t\t\t\t\t\t\t<img loading=\"lazy\" decoding=\"async\" width=\"328\" height=\"700\" src=\"https:\/\/megainter.com.br\/hydroplan\/wp-content\/uploads\/2024\/03\/K-Potassio.png\" class=\"elementor-animation-grow attachment-large size-large wp-image-355\" alt=\"\" srcset=\"https:\/\/megainter.com.br\/hydroplan\/wp-content\/uploads\/2024\/03\/K-Potassio.png 328w, https:\/\/megainter.com.br\/hydroplan\/wp-content\/uploads\/2024\/03\/K-Potassio-141x300.png 141w\" sizes=\"(max-width: 328px) 100vw, 328px\" \/>\t\t\t\t\t\t\t\t<\/a>\n\t\t\t\t\t\t\t\t\t\t\t\t\t<\/div>\n\t\t\t\t<\/div>\n\t\t\t\t<div class=\"elementor-element elementor-element-c4bffd8 elementor-widget elementor-widget-image\" data-id=\"c4bffd8\" data-element_type=\"widget\" data-widget_type=\"image.default\">\n\t\t\t\t<div class=\"elementor-widget-container\">\n\t\t\t\t\t\t\t\t\t\t\t\t\t\t<a href=\"https:\/\/megainter.com.br\/hydroplan\/p-fosforo\/\">\n\t\t\t\t\t\t\t<img loading=\"lazy\" decoding=\"async\" width=\"328\" height=\"700\" src=\"https:\/\/megainter.com.br\/hydroplan\/wp-content\/uploads\/2024\/03\/P-Fosforo.png\" class=\"elementor-animation-grow attachment-large size-large wp-image-356\" alt=\"\" srcset=\"https:\/\/megainter.com.br\/hydroplan\/wp-content\/uploads\/2024\/03\/P-Fosforo.png 328w, https:\/\/megainter.com.br\/hydroplan\/wp-content\/uploads\/2024\/03\/P-Fosforo-141x300.png 141w\" sizes=\"(max-width: 328px) 100vw, 328px\" \/>\t\t\t\t\t\t\t\t<\/a>\n\t\t\t\t\t\t\t\t\t\t\t\t\t<\/div>\n\t\t\t\t<\/div>\n\t\t\t\t<div class=\"elementor-element elementor-element-b199e84 elementor-widget elementor-widget-image\" data-id=\"b199e84\" data-element_type=\"widget\" data-widget_type=\"image.default\">\n\t\t\t\t<div class=\"elementor-widget-container\">\n\t\t\t\t\t\t\t\t\t\t\t\t\t\t<a href=\"https:\/\/megainter.com.br\/hydroplan\/b-boro\/\">\n\t\t\t\t\t\t\t<img loading=\"lazy\" decoding=\"async\" width=\"328\" height=\"700\" src=\"https:\/\/megainter.com.br\/hydroplan\/wp-content\/uploads\/2024\/03\/B-Boro.png\" class=\"elementor-animation-grow attachment-large size-large wp-image-357\" alt=\"\" srcset=\"https:\/\/megainter.com.br\/hydroplan\/wp-content\/uploads\/2024\/03\/B-Boro.png 328w, https:\/\/megainter.com.br\/hydroplan\/wp-content\/uploads\/2024\/03\/B-Boro-141x300.png 141w\" sizes=\"(max-width: 328px) 100vw, 328px\" \/>\t\t\t\t\t\t\t\t<\/a>\n\t\t\t\t\t\t\t\t\t\t\t\t\t<\/div>\n\t\t\t\t<\/div>\n\t\t\t\t<div class=\"elementor-element elementor-element-46fc026 elementor-widget elementor-widget-image\" data-id=\"46fc026\" data-element_type=\"widget\" data-widget_type=\"image.default\">\n\t\t\t\t<div class=\"elementor-widget-container\">\n\t\t\t\t\t\t\t\t\t\t\t\t\t\t<a href=\"https:\/\/megainter.com.br\/hydroplan\/pro-hn\/\">\n\t\t\t\t\t\t\t<img loading=\"lazy\" decoding=\"async\" width=\"328\" height=\"700\" src=\"https:\/\/megainter.com.br\/hydroplan\/wp-content\/uploads\/2024\/03\/PRO-HN.png\" class=\"elementor-animation-grow attachment-large size-large wp-image-358\" alt=\"\" srcset=\"https:\/\/megainter.com.br\/hydroplan\/wp-content\/uploads\/2024\/03\/PRO-HN.png 328w, https:\/\/megainter.com.br\/hydroplan\/wp-content\/uploads\/2024\/03\/PRO-HN-141x300.png 141w\" sizes=\"(max-width: 328px) 100vw, 328px\" \/>\t\t\t\t\t\t\t\t<\/a>\n\t\t\t\t\t\t\t\t\t\t\t\t\t<\/div>\n\t\t\t\t<\/div>\n\t\t\t\t\t<\/div>\n\t\t\t\t<\/div>\n\t\t<div class=\"elementor-element elementor-element-a80ee3b e-grid e-con-boxed e-con e-child\" data-id=\"a80ee3b\" data-element_type=\"container\">\n\t\t\t\t\t<div class=\"e-con-inner\">\n\t\t\t\t<div class=\"elementor-element elementor-element-afb2f88 elementor-icon-list--layout-traditional elementor-list-item-link-full_width elementor-widget elementor-widget-icon-list\" data-id=\"afb2f88\" data-element_type=\"widget\" data-widget_type=\"icon-list.default\">\n\t\t\t\t<div class=\"elementor-widget-container\">\n\t\t\t<link rel=\"stylesheet\" href=\"https:\/\/megainter.com.br\/hydroplan\/wp-content\/plugins\/elementor\/assets\/css\/widget-icon-list.min.css\">\t\t<ul class=\"elementor-icon-list-items\">\n\t\t\t\t\t\t\t<li class=\"elementor-icon-list-item\">\n\t\t\t\t\t\t\t\t\t\t\t<a href=\"https:\/\/megainter.com.br\/hydroplan\/fertilizantes-e-adjuvantes\/\">\n\n\t\t\t\t\t\t\t\t\t\t\t<span class=\"elementor-icon-list-text\">VOLTAR<\/span>\n\t\t\t\t\t\t\t\t\t\t\t<\/a>\n\t\t\t\t\t\t\t\t\t<\/li>\n\t\t\t\t\t\t<\/ul>\n\t\t\t\t<\/div>\n\t\t\t\t<\/div>\n\t\t\t\t<div class=\"elementor-element elementor-element-d5dbd3a elementor-align-right elementor-icon-list--layout-traditional elementor-list-item-link-full_width elementor-widget elementor-widget-icon-list\" data-id=\"d5dbd3a\" data-element_type=\"widget\" data-widget_type=\"icon-list.default\">\n\t\t\t\t<div class=\"elementor-widget-container\">\n\t\t\t\t\t<ul class=\"elementor-icon-list-items\">\n\t\t\t\t\t\t\t<li class=\"elementor-icon-list-item\">\n\t\t\t\t\t\t\t\t\t\t\t<a href=\"https:\/\/megainter.com.br\/hydroplan\/home\/\">\n\n\t\t\t\t\t\t\t\t\t\t\t<span class=\"elementor-icon-list-text\">HOME<\/span>\n\t\t\t\t\t\t\t\t\t\t\t<\/a>\n\t\t\t\t\t\t\t\t\t<\/li>\n\t\t\t\t\t\t<\/ul>\n\t\t\t\t<\/div>\n\t\t\t\t<\/div>\n\t\t\t\t\t<\/div>\n\t\t\t\t<\/div>\n\t\t\t\t<\/div>\n\t\t\t\t\t<\/div>\n\t\t\t\t<\/div>\n\t\t\t\t<\/div>\n\t\t","protected":false},"excerpt":{"rendered":"<p>p f\u00f3sforo Hydroplan-EB P\u00a0\u00e9 um fertilizante de alta concentra\u00e7\u00e3o de f\u00f3sforo prontamente dispon\u00edvel para absor\u00e7\u00e3o e transloca\u00e7\u00e3o pelas plantas. Complexado com aditivos especiais que impedem a fixa\u00e7\u00e3o e contribuem tamb\u00e9m na libera\u00e7\u00e3o do f\u00f3sforo adsorvido no solo. Hydroplan-EB P \u00e9 uma formula\u00e7\u00e3o segura de baixa salinidade especialmente desenvolvida para atender a momentos de altas demandas [&hellip;]<\/p>\n","protected":false},"author":1,"featured_media":0,"parent":0,"menu_order":0,"comment_status":"closed","ping_status":"closed","template":"elementor_canvas","meta":{"footnotes":""},"class_list":["post-380","page","type-page","status-publish","hentry"],"_links":{"self":[{"href":"https:\/\/megainter.com.br\/hydroplan\/wp-json\/wp\/v2\/pages\/380","targetHints":{"allow":["GET"]}}],"collection":[{"href":"https:\/\/megainter.com.br\/hydroplan\/wp-json\/wp\/v2\/pages"}],"about":[{"href":"https:\/\/megainter.com.br\/hydroplan\/wp-json\/wp\/v2\/types\/page"}],"author":[{"embeddable":true,"href":"https:\/\/megainter.com.br\/hydroplan\/wp-json\/wp\/v2\/users\/1"}],"replies":[{"embeddable":true,"href":"https:\/\/megainter.com.br\/hydroplan\/wp-json\/wp\/v2\/comments?post=380"}],"version-history":[{"count":13,"href":"https:\/\/megainter.com.br\/hydroplan\/wp-json\/wp\/v2\/pages\/380\/revisions"}],"predecessor-version":[{"id":904,"href":"https:\/\/megainter.com.br\/hydroplan\/wp-json\/wp\/v2\/pages\/380\/revisions\/904"}],"wp:attachment":[{"href":"https:\/\/megainter.com.br\/hydroplan\/wp-json\/wp\/v2\/media?parent=380"}],"curies":[{"name":"wp","href":"https:\/\/api.w.org\/{rel}","templated":true}]}}