{"id":435,"date":"2024-03-28T14:47:37","date_gmt":"2024-03-28T17:47:37","guid":{"rendered":"https:\/\/megainter.com.br\/hydroplan\/?page_id=435"},"modified":"2024-05-21T22:27:39","modified_gmt":"2024-05-22T01:27:39","slug":"hb-10","status":"publish","type":"page","link":"https:\/\/megainter.com.br\/hydroplan\/hb-10\/","title":{"rendered":"HB 10"},"content":{"rendered":"\t\t<div data-elementor-type=\"wp-page\" data-elementor-id=\"435\" class=\"elementor elementor-435\">\n\t\t\t\t<div class=\"elementor-element elementor-element-81ec1f2 e-flex e-con-boxed e-con e-parent\" data-id=\"81ec1f2\" data-element_type=\"container\" data-core-v316-plus=\"true\">\n\t\t\t\t\t<div class=\"e-con-inner\">\n\t\t<div class=\"elementor-element elementor-element-1a0bac7 e-con-full e-flex e-con e-child\" data-id=\"1a0bac7\" data-element_type=\"container\">\n\t\t\t\t<div class=\"elementor-element elementor-element-f3c899f elementor-widget elementor-widget-image\" data-id=\"f3c899f\" data-element_type=\"widget\" data-widget_type=\"image.default\">\n\t\t\t\t<div class=\"elementor-widget-container\">\n\t\t\t<style>\/*! elementor - v3.20.0 - 13-03-2024 *\/\n.elementor-widget-image{text-align:center}.elementor-widget-image a{display:inline-block}.elementor-widget-image a img[src$=\".svg\"]{width:48px}.elementor-widget-image img{vertical-align:middle;display:inline-block}<\/style>\t\t\t\t\t\t\t\t\t\t<img decoding=\"async\" width=\"230\" height=\"188\" src=\"https:\/\/megainter.com.br\/hydroplan\/wp-content\/uploads\/2024\/03\/logo-interna.png\" class=\"attachment-large size-large wp-image-158\" alt=\"\" \/>\t\t\t\t\t\t\t\t\t\t\t\t\t<\/div>\n\t\t\t\t<\/div>\n\t\t\t\t<\/div>\n\t\t<div class=\"elementor-element elementor-element-115ccb1 e-con-full e-flex e-con e-child\" data-id=\"115ccb1\" data-element_type=\"container\">\n\t\t<div class=\"elementor-element elementor-element-edac96b e-flex e-con-boxed e-con e-child\" data-id=\"edac96b\" data-element_type=\"container\">\n\t\t\t\t\t<div class=\"e-con-inner\">\n\t\t\t\t<div class=\"elementor-element elementor-element-7190b26 elementor-widget elementor-widget-heading\" data-id=\"7190b26\" data-element_type=\"widget\" data-widget_type=\"heading.default\">\n\t\t\t\t<div class=\"elementor-widget-container\">\n\t\t\t<style>\/*! elementor - v3.20.0 - 13-03-2024 *\/\n.elementor-heading-title{padding:0;margin:0;line-height:1}.elementor-widget-heading .elementor-heading-title[class*=elementor-size-]>a{color:inherit;font-size:inherit;line-height:inherit}.elementor-widget-heading .elementor-heading-title.elementor-size-small{font-size:15px}.elementor-widget-heading .elementor-heading-title.elementor-size-medium{font-size:19px}.elementor-widget-heading .elementor-heading-title.elementor-size-large{font-size:29px}.elementor-widget-heading .elementor-heading-title.elementor-size-xl{font-size:39px}.elementor-widget-heading .elementor-heading-title.elementor-size-xxl{font-size:59px}<\/style><h2 class=\"elementor-heading-title elementor-size-default\">HB 10<\/h2>\t\t<\/div>\n\t\t\t\t<\/div>\n\t\t\t\t\t<\/div>\n\t\t\t\t<\/div>\n\t\t\t\t<div class=\"elementor-element elementor-element-e6dfee2 elementor-widget elementor-widget-text-editor\" data-id=\"e6dfee2\" data-element_type=\"widget\" data-widget_type=\"text-editor.default\">\n\t\t\t\t<div class=\"elementor-widget-container\">\n\t\t\t<style>\/*! elementor - v3.20.0 - 13-03-2024 *\/\n.elementor-widget-text-editor.elementor-drop-cap-view-stacked .elementor-drop-cap{background-color:#69727d;color:#fff}.elementor-widget-text-editor.elementor-drop-cap-view-framed .elementor-drop-cap{color:#69727d;border:3px solid;background-color:transparent}.elementor-widget-text-editor:not(.elementor-drop-cap-view-default) .elementor-drop-cap{margin-top:8px}.elementor-widget-text-editor:not(.elementor-drop-cap-view-default) .elementor-drop-cap-letter{width:1em;height:1em}.elementor-widget-text-editor .elementor-drop-cap{float:left;text-align:center;line-height:1;font-size:50px}.elementor-widget-text-editor .elementor-drop-cap-letter{display:inline-block}<\/style>\t\t\t\t<table border=\"0\" width=\"100%\" cellspacing=\"0\" cellpadding=\"0\"><tbody><tr><td align=\"left\" valign=\"top\" width=\"980\"><table border=\"0\" width=\"100%\" cellspacing=\"0\" cellpadding=\"0\"><tbody><tr><td valign=\"top\"><div align=\"justify\"><p><strong>HB10\u00a0<\/strong>\u00e9 um pol\u00edmero linear que tem por finalidade tratar a \u00e1gua utilizada na irriga\u00e7\u00e3o. Quando solubilizado o\u00a0<strong>HB10\u00a0<\/strong>deixa a \u00e1gua viscosa, aumentando a sua tens\u00e3o superficial, diminuindo a velocidade de percola\u00e7\u00e3o no solo e mantendo a umidade no n\u00edvel radicular da planta por mais tempo.<\/p><p>Tem o poder de aglutinar finas part\u00edculas suspensas no solo, de modo a estabilizar sua estrutura. Pode ser utilizado em todas as irriga\u00e7\u00f5es. O produto \u00e9 oferecido em p\u00f3 e emuls\u00e3o.<\/p><\/div><\/td><\/tr><\/tbody><\/table><\/td><\/tr><\/tbody><\/table>\t\t\t\t\t\t<\/div>\n\t\t\t\t<\/div>\n\t\t\t\t<div class=\"elementor-element elementor-element-3669813 elementor-widget elementor-widget-image\" data-id=\"3669813\" data-element_type=\"widget\" data-widget_type=\"image.default\">\n\t\t\t\t<div class=\"elementor-widget-container\">\n\t\t\t\t\t\t\t\t\t\t\t\t\t<img fetchpriority=\"high\" decoding=\"async\" width=\"977\" height=\"158\" src=\"https:\/\/megainter.com.br\/hydroplan\/wp-content\/uploads\/2024\/03\/hb10-diluicao.jpg\" class=\"attachment-large size-large wp-image-437\" alt=\"\" srcset=\"https:\/\/megainter.com.br\/hydroplan\/wp-content\/uploads\/2024\/03\/hb10-diluicao.jpg 977w, https:\/\/megainter.com.br\/hydroplan\/wp-content\/uploads\/2024\/03\/hb10-diluicao-300x49.jpg 300w, https:\/\/megainter.com.br\/hydroplan\/wp-content\/uploads\/2024\/03\/hb10-diluicao-768x124.jpg 768w\" sizes=\"(max-width: 977px) 100vw, 977px\" \/>\t\t\t\t\t\t\t\t\t\t\t\t\t<\/div>\n\t\t\t\t<\/div>\n\t\t\t\t<div class=\"elementor-element elementor-element-bd7ea10 elementor-widget elementor-widget-text-editor\" data-id=\"bd7ea10\" data-element_type=\"widget\" data-widget_type=\"text-editor.default\">\n\t\t\t\t<div class=\"elementor-widget-container\">\n\t\t\t\t\t\t\t<table border=\"0\" width=\"100%\" cellspacing=\"0\" cellpadding=\"0\"><tbody><tr><td align=\"left\" valign=\"top\" width=\"980\"><table border=\"0\" width=\"100%\" cellspacing=\"0\" cellpadding=\"0\"><tbody><tr><td valign=\"top\"><div align=\"justify\"><p><b>APLICA\u00c7\u00c3O<br \/><\/b>&#8211; Misturar de 50g a 100g de HB10 a cada 1.000 litros de \u00e1gua, dependendo do sistema de irriga\u00e7\u00e3o.<br \/>&#8211; Agitar a solu\u00e7\u00e3o at\u00e9 total dissolu\u00e7\u00e3o do produto<br \/>&#8211; Fazer a irriga\u00e7\u00e3o normalmente, conforme o tipo de aplica\u00e7\u00e3o de sua prefer\u00eancia.<\/p><p><b>VANTAGENS<br \/><\/b>&#8211; Combate a eros\u00e3o dos solos.<br \/>&#8211; Melhora a distribui\u00e7\u00e3o e o aproveitamento da \u00e1gua pelas plantas.<br \/>&#8211; Colabora com menores perdas de nutrientes e defensivos por escorrimento da \u00e1gua na superf\u00edcie ou por lixivia\u00e7\u00e3o.<br \/>&#8211; Aumenta a efici\u00eancia na irriga\u00e7\u00e3o.<br \/>&#8211; Reduz de 20 a 50% o volume de \u00e1gua utilizado na irriga\u00e7\u00e3o.<\/p><\/div><\/td><\/tr><\/tbody><\/table><\/td><\/tr><\/tbody><\/table>\t\t\t\t\t\t<\/div>\n\t\t\t\t<\/div>\n\t\t<div class=\"elementor-element elementor-element-1491736 e-grid e-con-boxed e-con e-child\" data-id=\"1491736\" data-element_type=\"container\">\n\t\t\t\t\t<div class=\"e-con-inner\">\n\t\t\t\t<div class=\"elementor-element elementor-element-e9cfb96 elementor-widget elementor-widget-image\" data-id=\"e9cfb96\" data-element_type=\"widget\" data-widget_type=\"image.default\">\n\t\t\t\t<div class=\"elementor-widget-container\">\n\t\t\t\t\t\t\t\t\t\t\t\t\t\t<a href=\"https:\/\/megainter.com.br\/hydroplan\/hyb-plus\/\">\n\t\t\t\t\t\t\t<img decoding=\"async\" width=\"449\" height=\"457\" src=\"https:\/\/megainter.com.br\/hydroplan\/wp-content\/uploads\/2024\/05\/gel-hyb.png\" class=\"elementor-animation-grow attachment-large size-large wp-image-833\" alt=\"\" srcset=\"https:\/\/megainter.com.br\/hydroplan\/wp-content\/uploads\/2024\/05\/gel-hyb.png 449w, https:\/\/megainter.com.br\/hydroplan\/wp-content\/uploads\/2024\/05\/gel-hyb-295x300.png 295w\" sizes=\"(max-width: 449px) 100vw, 449px\" \/>\t\t\t\t\t\t\t\t<\/a>\n\t\t\t\t\t\t\t\t\t\t\t\t\t<\/div>\n\t\t\t\t<\/div>\n\t\t\t\t<div class=\"elementor-element elementor-element-cf9ec42 elementor-widget elementor-widget-image\" data-id=\"cf9ec42\" data-element_type=\"widget\" data-widget_type=\"image.default\">\n\t\t\t\t<div class=\"elementor-widget-container\">\n\t\t\t\t\t\t\t\t\t\t\t\t\t\t<a href=\"https:\/\/megainter.com.br\/hydroplan\/hb-10\/\">\n\t\t\t\t\t\t\t<img loading=\"lazy\" decoding=\"async\" width=\"449\" height=\"457\" src=\"https:\/\/megainter.com.br\/hydroplan\/wp-content\/uploads\/2024\/03\/hb-10.png\" class=\"elementor-animation-grow attachment-large size-large wp-image-425\" alt=\"\" srcset=\"https:\/\/megainter.com.br\/hydroplan\/wp-content\/uploads\/2024\/03\/hb-10.png 449w, https:\/\/megainter.com.br\/hydroplan\/wp-content\/uploads\/2024\/03\/hb-10-295x300.png 295w\" sizes=\"(max-width: 449px) 100vw, 449px\" \/>\t\t\t\t\t\t\t\t<\/a>\n\t\t\t\t\t\t\t\t\t\t\t\t\t<\/div>\n\t\t\t\t<\/div>\n\t\t\t\t\t<\/div>\n\t\t\t\t<\/div>\n\t\t\t\t<\/div>\n\t\t\t\t\t<\/div>\n\t\t\t\t<\/div>\n\t\t\t\t<\/div>\n\t\t","protected":false},"excerpt":{"rendered":"<p>HB 10 HB10\u00a0\u00e9 um pol\u00edmero linear que tem por finalidade tratar a \u00e1gua utilizada na irriga\u00e7\u00e3o. Quando solubilizado o\u00a0HB10\u00a0deixa a \u00e1gua viscosa, aumentando a sua tens\u00e3o superficial, diminuindo a velocidade de percola\u00e7\u00e3o no solo e mantendo a umidade no n\u00edvel radicular da planta por mais tempo. Tem o poder de aglutinar finas part\u00edculas suspensas no [&hellip;]<\/p>\n","protected":false},"author":1,"featured_media":0,"parent":0,"menu_order":0,"comment_status":"closed","ping_status":"closed","template":"elementor_canvas","meta":{"footnotes":""},"class_list":["post-435","page","type-page","status-publish","hentry"],"_links":{"self":[{"href":"https:\/\/megainter.com.br\/hydroplan\/wp-json\/wp\/v2\/pages\/435","targetHints":{"allow":["GET"]}}],"collection":[{"href":"https:\/\/megainter.com.br\/hydroplan\/wp-json\/wp\/v2\/pages"}],"about":[{"href":"https:\/\/megainter.com.br\/hydroplan\/wp-json\/wp\/v2\/types\/page"}],"author":[{"embeddable":true,"href":"https:\/\/megainter.com.br\/hydroplan\/wp-json\/wp\/v2\/users\/1"}],"replies":[{"embeddable":true,"href":"https:\/\/megainter.com.br\/hydroplan\/wp-json\/wp\/v2\/comments?post=435"}],"version-history":[{"count":10,"href":"https:\/\/megainter.com.br\/hydroplan\/wp-json\/wp\/v2\/pages\/435\/revisions"}],"predecessor-version":[{"id":868,"href":"https:\/\/megainter.com.br\/hydroplan\/wp-json\/wp\/v2\/pages\/435\/revisions\/868"}],"wp:attachment":[{"href":"https:\/\/megainter.com.br\/hydroplan\/wp-json\/wp\/v2\/media?parent=435"}],"curies":[{"name":"wp","href":"https:\/\/api.w.org\/{rel}","templated":true}]}}