{"id":552,"date":"2024-04-05T15:26:41","date_gmt":"2024-04-05T18:26:41","guid":{"rendered":"https:\/\/megainter.com.br\/hydroplan\/?page_id=552"},"modified":"2024-05-20T22:08:05","modified_gmt":"2024-05-21T01:08:05","slug":"todhar-calcio","status":"publish","type":"page","link":"https:\/\/megainter.com.br\/hydroplan\/todhar-calcio\/","title":{"rendered":"Todhar C\u00e1lcio"},"content":{"rendered":"\t\t<div data-elementor-type=\"wp-page\" data-elementor-id=\"552\" class=\"elementor elementor-552\">\n\t\t\t\t<div class=\"elementor-element elementor-element-81ec1f2 e-flex e-con-boxed e-con e-parent\" data-id=\"81ec1f2\" data-element_type=\"container\" data-core-v316-plus=\"true\">\n\t\t\t\t\t<div class=\"e-con-inner\">\n\t\t<div class=\"elementor-element elementor-element-1a0bac7 e-con-full e-flex e-con e-child\" data-id=\"1a0bac7\" data-element_type=\"container\">\n\t\t\t\t<div class=\"elementor-element elementor-element-f3c899f elementor-widget elementor-widget-image\" data-id=\"f3c899f\" data-element_type=\"widget\" data-widget_type=\"image.default\">\n\t\t\t\t<div class=\"elementor-widget-container\">\n\t\t\t<style>\/*! elementor - v3.20.0 - 13-03-2024 *\/\n.elementor-widget-image{text-align:center}.elementor-widget-image a{display:inline-block}.elementor-widget-image a img[src$=\".svg\"]{width:48px}.elementor-widget-image img{vertical-align:middle;display:inline-block}<\/style>\t\t\t\t\t\t\t\t\t\t<img decoding=\"async\" width=\"230\" height=\"188\" src=\"https:\/\/megainter.com.br\/hydroplan\/wp-content\/uploads\/2024\/03\/logo-interna.png\" class=\"attachment-large size-large wp-image-158\" alt=\"\" \/>\t\t\t\t\t\t\t\t\t\t\t\t\t<\/div>\n\t\t\t\t<\/div>\n\t\t\t\t<\/div>\n\t\t<div class=\"elementor-element elementor-element-115ccb1 e-con-full e-flex e-con e-child\" data-id=\"115ccb1\" data-element_type=\"container\">\n\t\t<div class=\"elementor-element elementor-element-edac96b e-flex e-con-boxed e-con e-child\" data-id=\"edac96b\" data-element_type=\"container\">\n\t\t\t\t\t<div class=\"e-con-inner\">\n\t\t\t\t<div class=\"elementor-element elementor-element-7190b26 elementor-widget elementor-widget-heading\" data-id=\"7190b26\" data-element_type=\"widget\" data-widget_type=\"heading.default\">\n\t\t\t\t<div class=\"elementor-widget-container\">\n\t\t\t<style>\/*! elementor - v3.20.0 - 13-03-2024 *\/\n.elementor-heading-title{padding:0;margin:0;line-height:1}.elementor-widget-heading .elementor-heading-title[class*=elementor-size-]>a{color:inherit;font-size:inherit;line-height:inherit}.elementor-widget-heading .elementor-heading-title.elementor-size-small{font-size:15px}.elementor-widget-heading .elementor-heading-title.elementor-size-medium{font-size:19px}.elementor-widget-heading .elementor-heading-title.elementor-size-large{font-size:29px}.elementor-widget-heading .elementor-heading-title.elementor-size-xl{font-size:39px}.elementor-widget-heading .elementor-heading-title.elementor-size-xxl{font-size:59px}<\/style><h2 class=\"elementor-heading-title elementor-size-default\">TODHAR C\u00e1lcio<\/h2>\t\t<\/div>\n\t\t\t\t<\/div>\n\t\t\t\t\t<\/div>\n\t\t\t\t<\/div>\n\t\t\t\t<div class=\"elementor-element elementor-element-e6dfee2 elementor-widget elementor-widget-text-editor\" data-id=\"e6dfee2\" data-element_type=\"widget\" data-widget_type=\"text-editor.default\">\n\t\t\t\t<div class=\"elementor-widget-container\">\n\t\t\t<style>\/*! elementor - v3.20.0 - 13-03-2024 *\/\n.elementor-widget-text-editor.elementor-drop-cap-view-stacked .elementor-drop-cap{background-color:#69727d;color:#fff}.elementor-widget-text-editor.elementor-drop-cap-view-framed .elementor-drop-cap{color:#69727d;border:3px solid;background-color:transparent}.elementor-widget-text-editor:not(.elementor-drop-cap-view-default) .elementor-drop-cap{margin-top:8px}.elementor-widget-text-editor:not(.elementor-drop-cap-view-default) .elementor-drop-cap-letter{width:1em;height:1em}.elementor-widget-text-editor .elementor-drop-cap{float:left;text-align:center;line-height:1;font-size:50px}.elementor-widget-text-editor .elementor-drop-cap-letter{display:inline-block}<\/style>\t\t\t\t<table border=\"0\" width=\"100%\" cellspacing=\"0\" cellpadding=\"0\"><tbody><tr><td valign=\"top\" width=\"83%\"><div align=\"justify\"><p><strong>TODHAR C\u00c1LCIO<\/strong>\u00a0\u00e9 um composto l\u00edquido de c\u00e1lcio e mol\u00e9culas de amino\u00e1cidos obtidos por hidr\u00f3lise de prote\u00ednas naturais. A formula\u00e7\u00e3o \u00fanica com amino\u00e1cidos, corrige as defici\u00eancias de c\u00e1lcio estimulando simultaneamente o metabolismo da planta.<br \/><br \/><strong>THODAR C\u00c1LCIO<\/strong>\u00a0\u00e9 um produto multifuncional que atua ao mesmo tempo como fertilizante, bio-estimulante (amino\u00e1cidos livres promovem uma recupera\u00e7\u00e3o r\u00e1pida em caso de stress) e corretor das defici\u00eancias de c\u00e1lcio.<br \/><br \/><strong>TODHAR C\u00c1LCIO\u00a0<\/strong>\u00e9 adequado para aplica\u00e7\u00e3o foliar, devido \u00e1s propriedades complexantes e portadoras de amino\u00e1cidos livres formulados no composto, uma vez que levam a uma r\u00e1pida e eficiente penetra\u00e7\u00e3o foliar do c\u00e1lcio.<br \/><br \/>A combina\u00e7\u00e3o de c\u00e1lcio e amino\u00e1cidos em solu\u00e7\u00f5es de pulveriza\u00e7\u00e3o foliar leva a um aumento da efic\u00e1cia do tratamento e reduz a dose de aplica\u00e7\u00e3o do fertilizante.<br \/><br \/>O proteinato de c\u00e1lcio corrige geralmente as principais perturba\u00e7\u00f5es fisiol\u00f3gicas da defici\u00eancia de c\u00e1lcio e melhora a firmeza dos tecidos verdes e dos frutos, levando a um prolongamento do prazo de validade da cultura (shelf life). Al\u00e9m disso, TODHAR C\u00c1LCIO evita o risco de fundo preto e rachaduras nos frutos, a podrid\u00e3o da extremidade da flor das culturas de tomate e solan\u00e1ceas (batatas e piment\u00f5es), a queimadura da ponta dos vegetais de folhas (tip burn) e a mancha de folha e ped\u00fanculo das curc\u00fabit\u00e1ceas.<br \/><br \/><strong>TODHAR C\u00c1LCIO<\/strong>\u00a0\u00e9 uma formula\u00e7\u00e3o homog\u00e9nea e totalmente sol\u00favel em \u00e1gua e n\u00e3o obstrui filtros e bicos do sistema de irriga\u00e7\u00e3o e pulveriza\u00e7\u00e3o. \u00c9 compat\u00edvel com a maioria dos defensivos agr\u00edcolas.<\/p><\/div><\/td><\/tr><\/tbody><\/table>\t\t\t\t\t\t<\/div>\n\t\t\t\t<\/div>\n\t\t\t\t<div class=\"elementor-element elementor-element-9e5f46a elementor-widget elementor-widget-image\" data-id=\"9e5f46a\" data-element_type=\"widget\" data-widget_type=\"image.default\">\n\t\t\t\t<div class=\"elementor-widget-container\">\n\t\t\t\t\t\t\t\t\t\t\t\t\t<img decoding=\"async\" width=\"200\" height=\"138\" src=\"https:\/\/megainter.com.br\/hydroplan\/wp-content\/uploads\/2024\/04\/apresentacao1.png\" class=\"attachment-full size-full wp-image-614\" alt=\"\" \/>\t\t\t\t\t\t\t\t\t\t\t\t\t<\/div>\n\t\t\t\t<\/div>\n\t\t<div class=\"elementor-element elementor-element-77e5ba2 e-grid e-con-boxed e-con e-child\" data-id=\"77e5ba2\" data-element_type=\"container\">\n\t\t\t\t\t<div class=\"e-con-inner\">\n\t\t\t\t<div class=\"elementor-element elementor-element-6f37367 elementor-widget elementor-widget-image\" data-id=\"6f37367\" data-element_type=\"widget\" data-widget_type=\"image.default\">\n\t\t\t\t<div class=\"elementor-widget-container\">\n\t\t\t\t\t\t\t\t\t\t\t\t\t\t<a href=\"https:\/\/megainter.com.br\/hydroplan\/todhar-boro\/\">\n\t\t\t\t\t\t\t<img fetchpriority=\"high\" decoding=\"async\" width=\"422\" height=\"900\" src=\"https:\/\/megainter.com.br\/hydroplan\/wp-content\/uploads\/2024\/04\/todhar-boro-1.png\" class=\"elementor-animation-grow attachment-large size-large wp-image-783\" alt=\"\" srcset=\"https:\/\/megainter.com.br\/hydroplan\/wp-content\/uploads\/2024\/04\/todhar-boro-1.png 422w, https:\/\/megainter.com.br\/hydroplan\/wp-content\/uploads\/2024\/04\/todhar-boro-1-141x300.png 141w\" sizes=\"(max-width: 422px) 100vw, 422px\" \/>\t\t\t\t\t\t\t\t<\/a>\n\t\t\t\t\t\t\t\t\t\t\t\t\t<\/div>\n\t\t\t\t<\/div>\n\t\t\t\t<div class=\"elementor-element elementor-element-fcfee9c elementor-widget elementor-widget-image\" data-id=\"fcfee9c\" data-element_type=\"widget\" data-widget_type=\"image.default\">\n\t\t\t\t<div class=\"elementor-widget-container\">\n\t\t\t\t\t\t\t\t\t\t\t\t\t\t<a href=\"https:\/\/megainter.com.br\/hydroplan\/todhar-calcio\/\">\n\t\t\t\t\t\t\t<img loading=\"lazy\" decoding=\"async\" width=\"422\" height=\"900\" src=\"https:\/\/megainter.com.br\/hydroplan\/wp-content\/uploads\/2024\/04\/todhar-calcio-1.png\" class=\"elementor-animation-grow attachment-large size-large wp-image-784\" alt=\"\" srcset=\"https:\/\/megainter.com.br\/hydroplan\/wp-content\/uploads\/2024\/04\/todhar-calcio-1.png 422w, https:\/\/megainter.com.br\/hydroplan\/wp-content\/uploads\/2024\/04\/todhar-calcio-1-141x300.png 141w\" sizes=\"(max-width: 422px) 100vw, 422px\" \/>\t\t\t\t\t\t\t\t<\/a>\n\t\t\t\t\t\t\t\t\t\t\t\t\t<\/div>\n\t\t\t\t<\/div>\n\t\t\t\t<div class=\"elementor-element elementor-element-8cee683 elementor-widget elementor-widget-image\" data-id=\"8cee683\" data-element_type=\"widget\" data-widget_type=\"image.default\">\n\t\t\t\t<div class=\"elementor-widget-container\">\n\t\t\t\t\t\t\t\t\t\t\t\t\t\t<a href=\"https:\/\/megainter.com.br\/hydroplan\/todhar-cobre\/\">\n\t\t\t\t\t\t\t<img loading=\"lazy\" decoding=\"async\" width=\"422\" height=\"900\" src=\"https:\/\/megainter.com.br\/hydroplan\/wp-content\/uploads\/2024\/04\/todhar-cobre-1.png\" class=\"elementor-animation-grow attachment-large size-large wp-image-785\" alt=\"\" srcset=\"https:\/\/megainter.com.br\/hydroplan\/wp-content\/uploads\/2024\/04\/todhar-cobre-1.png 422w, https:\/\/megainter.com.br\/hydroplan\/wp-content\/uploads\/2024\/04\/todhar-cobre-1-141x300.png 141w\" sizes=\"(max-width: 422px) 100vw, 422px\" \/>\t\t\t\t\t\t\t\t<\/a>\n\t\t\t\t\t\t\t\t\t\t\t\t\t<\/div>\n\t\t\t\t<\/div>\n\t\t\t\t<div class=\"elementor-element elementor-element-6fdd543 elementor-widget elementor-widget-image\" data-id=\"6fdd543\" data-element_type=\"widget\" data-widget_type=\"image.default\">\n\t\t\t\t<div class=\"elementor-widget-container\">\n\t\t\t\t\t\t\t\t\t\t\t\t\t\t<a href=\"https:\/\/megainter.com.br\/hydroplan\/todhar-plus\/\">\n\t\t\t\t\t\t\t<img loading=\"lazy\" decoding=\"async\" width=\"422\" height=\"900\" src=\"https:\/\/megainter.com.br\/hydroplan\/wp-content\/uploads\/2024\/04\/todhar-plus-1.png\" class=\"elementor-animation-grow attachment-large size-large wp-image-786\" alt=\"\" srcset=\"https:\/\/megainter.com.br\/hydroplan\/wp-content\/uploads\/2024\/04\/todhar-plus-1.png 422w, https:\/\/megainter.com.br\/hydroplan\/wp-content\/uploads\/2024\/04\/todhar-plus-1-141x300.png 141w\" sizes=\"(max-width: 422px) 100vw, 422px\" \/>\t\t\t\t\t\t\t\t<\/a>\n\t\t\t\t\t\t\t\t\t\t\t\t\t<\/div>\n\t\t\t\t<\/div>\n\t\t\t\t\t<\/div>\n\t\t\t\t<\/div>\n\t\t<div class=\"elementor-element elementor-element-526c566 e-grid e-con-boxed e-con e-child\" data-id=\"526c566\" data-element_type=\"container\">\n\t\t\t\t\t<div class=\"e-con-inner\">\n\t\t\t\t<div class=\"elementor-element elementor-element-c599df7 elementor-icon-list--layout-traditional elementor-list-item-link-full_width elementor-widget elementor-widget-icon-list\" data-id=\"c599df7\" data-element_type=\"widget\" data-widget_type=\"icon-list.default\">\n\t\t\t\t<div class=\"elementor-widget-container\">\n\t\t\t<link rel=\"stylesheet\" href=\"https:\/\/megainter.com.br\/hydroplan\/wp-content\/plugins\/elementor\/assets\/css\/widget-icon-list.min.css\">\t\t<ul class=\"elementor-icon-list-items\">\n\t\t\t\t\t\t\t<li class=\"elementor-icon-list-item\">\n\t\t\t\t\t\t\t\t\t\t\t<a href=\"https:\/\/megainter.com.br\/hydroplan\/home\/\">\n\n\t\t\t\t\t\t\t\t\t\t\t<span class=\"elementor-icon-list-text\">VOLTAR<\/span>\n\t\t\t\t\t\t\t\t\t\t\t<\/a>\n\t\t\t\t\t\t\t\t\t<\/li>\n\t\t\t\t\t\t<\/ul>\n\t\t\t\t<\/div>\n\t\t\t\t<\/div>\n\t\t\t\t<div class=\"elementor-element elementor-element-8581022 elementor-align-right elementor-icon-list--layout-traditional elementor-list-item-link-full_width elementor-widget elementor-widget-icon-list\" data-id=\"8581022\" data-element_type=\"widget\" data-widget_type=\"icon-list.default\">\n\t\t\t\t<div class=\"elementor-widget-container\">\n\t\t\t\t\t<ul class=\"elementor-icon-list-items\">\n\t\t\t\t\t\t\t<li class=\"elementor-icon-list-item\">\n\t\t\t\t\t\t\t\t\t\t\t<a href=\"https:\/\/megainter.com.br\/hydroplan\/home\/\">\n\n\t\t\t\t\t\t\t\t\t\t\t<span class=\"elementor-icon-list-text\">HOME<\/span>\n\t\t\t\t\t\t\t\t\t\t\t<\/a>\n\t\t\t\t\t\t\t\t\t<\/li>\n\t\t\t\t\t\t<\/ul>\n\t\t\t\t<\/div>\n\t\t\t\t<\/div>\n\t\t\t\t\t<\/div>\n\t\t\t\t<\/div>\n\t\t\t\t<\/div>\n\t\t\t\t\t<\/div>\n\t\t\t\t<\/div>\n\t\t\t\t<\/div>\n\t\t","protected":false},"excerpt":{"rendered":"<p>TODHAR C\u00e1lcio TODHAR C\u00c1LCIO\u00a0\u00e9 um composto l\u00edquido de c\u00e1lcio e mol\u00e9culas de amino\u00e1cidos obtidos por hidr\u00f3lise de prote\u00ednas naturais. A formula\u00e7\u00e3o \u00fanica com amino\u00e1cidos, corrige as defici\u00eancias de c\u00e1lcio estimulando simultaneamente o metabolismo da planta. THODAR C\u00c1LCIO\u00a0\u00e9 um produto multifuncional que atua ao mesmo tempo como fertilizante, bio-estimulante (amino\u00e1cidos livres promovem uma recupera\u00e7\u00e3o r\u00e1pida em [&hellip;]<\/p>\n","protected":false},"author":1,"featured_media":0,"parent":0,"menu_order":0,"comment_status":"closed","ping_status":"closed","template":"elementor_canvas","meta":{"footnotes":""},"class_list":["post-552","page","type-page","status-publish","hentry"],"_links":{"self":[{"href":"https:\/\/megainter.com.br\/hydroplan\/wp-json\/wp\/v2\/pages\/552","targetHints":{"allow":["GET"]}}],"collection":[{"href":"https:\/\/megainter.com.br\/hydroplan\/wp-json\/wp\/v2\/pages"}],"about":[{"href":"https:\/\/megainter.com.br\/hydroplan\/wp-json\/wp\/v2\/types\/page"}],"author":[{"embeddable":true,"href":"https:\/\/megainter.com.br\/hydroplan\/wp-json\/wp\/v2\/users\/1"}],"replies":[{"embeddable":true,"href":"https:\/\/megainter.com.br\/hydroplan\/wp-json\/wp\/v2\/comments?post=552"}],"version-history":[{"count":10,"href":"https:\/\/megainter.com.br\/hydroplan\/wp-json\/wp\/v2\/pages\/552\/revisions"}],"predecessor-version":[{"id":822,"href":"https:\/\/megainter.com.br\/hydroplan\/wp-json\/wp\/v2\/pages\/552\/revisions\/822"}],"wp:attachment":[{"href":"https:\/\/megainter.com.br\/hydroplan\/wp-json\/wp\/v2\/media?parent=552"}],"curies":[{"name":"wp","href":"https:\/\/api.w.org\/{rel}","templated":true}]}}