{"id":577,"date":"2024-04-05T16:07:19","date_gmt":"2024-04-05T19:07:19","guid":{"rendered":"https:\/\/megainter.com.br\/hydroplan\/?page_id=577"},"modified":"2024-05-22T22:02:06","modified_gmt":"2024-05-23T01:02:06","slug":"mikro-s","status":"publish","type":"page","link":"https:\/\/megainter.com.br\/hydroplan\/mikro-s\/","title":{"rendered":"Mikro S"},"content":{"rendered":"\t\t<div data-elementor-type=\"wp-page\" data-elementor-id=\"577\" class=\"elementor elementor-577\">\n\t\t\t\t<div class=\"elementor-element elementor-element-81ec1f2 e-flex e-con-boxed e-con e-parent\" data-id=\"81ec1f2\" data-element_type=\"container\" data-core-v316-plus=\"true\">\n\t\t\t\t\t<div class=\"e-con-inner\">\n\t\t<div class=\"elementor-element elementor-element-1a0bac7 e-con-full e-flex e-con e-child\" data-id=\"1a0bac7\" data-element_type=\"container\">\n\t\t\t\t<div class=\"elementor-element elementor-element-f3c899f elementor-widget elementor-widget-image\" data-id=\"f3c899f\" data-element_type=\"widget\" data-widget_type=\"image.default\">\n\t\t\t\t<div class=\"elementor-widget-container\">\n\t\t\t<style>\/*! elementor - v3.20.0 - 13-03-2024 *\/\n.elementor-widget-image{text-align:center}.elementor-widget-image a{display:inline-block}.elementor-widget-image a img[src$=\".svg\"]{width:48px}.elementor-widget-image img{vertical-align:middle;display:inline-block}<\/style>\t\t\t\t\t\t\t\t\t\t<img decoding=\"async\" width=\"230\" height=\"188\" src=\"https:\/\/megainter.com.br\/hydroplan\/wp-content\/uploads\/2024\/03\/logo-interna.png\" class=\"attachment-large size-large wp-image-158\" alt=\"\" \/>\t\t\t\t\t\t\t\t\t\t\t\t\t<\/div>\n\t\t\t\t<\/div>\n\t\t\t\t<\/div>\n\t\t<div class=\"elementor-element elementor-element-115ccb1 e-con-full e-flex e-con e-child\" data-id=\"115ccb1\" data-element_type=\"container\">\n\t\t<div class=\"elementor-element elementor-element-edac96b e-flex e-con-boxed e-con e-child\" data-id=\"edac96b\" data-element_type=\"container\">\n\t\t\t\t\t<div class=\"e-con-inner\">\n\t\t\t\t<div class=\"elementor-element elementor-element-7190b26 elementor-widget elementor-widget-heading\" data-id=\"7190b26\" data-element_type=\"widget\" data-widget_type=\"heading.default\">\n\t\t\t\t<div class=\"elementor-widget-container\">\n\t\t\t<style>\/*! elementor - v3.20.0 - 13-03-2024 *\/\n.elementor-heading-title{padding:0;margin:0;line-height:1}.elementor-widget-heading .elementor-heading-title[class*=elementor-size-]>a{color:inherit;font-size:inherit;line-height:inherit}.elementor-widget-heading .elementor-heading-title.elementor-size-small{font-size:15px}.elementor-widget-heading .elementor-heading-title.elementor-size-medium{font-size:19px}.elementor-widget-heading .elementor-heading-title.elementor-size-large{font-size:29px}.elementor-widget-heading .elementor-heading-title.elementor-size-xl{font-size:39px}.elementor-widget-heading .elementor-heading-title.elementor-size-xxl{font-size:59px}<\/style><h2 class=\"elementor-heading-title elementor-size-default\">Mikro s<\/h2>\t\t<\/div>\n\t\t\t\t<\/div>\n\t\t\t\t\t<\/div>\n\t\t\t\t<\/div>\n\t\t\t\t<div class=\"elementor-element elementor-element-e6dfee2 elementor-widget elementor-widget-text-editor\" data-id=\"e6dfee2\" data-element_type=\"widget\" data-widget_type=\"text-editor.default\">\n\t\t\t\t<div class=\"elementor-widget-container\">\n\t\t\t<style>\/*! elementor - v3.20.0 - 13-03-2024 *\/\n.elementor-widget-text-editor.elementor-drop-cap-view-stacked .elementor-drop-cap{background-color:#69727d;color:#fff}.elementor-widget-text-editor.elementor-drop-cap-view-framed .elementor-drop-cap{color:#69727d;border:3px solid;background-color:transparent}.elementor-widget-text-editor:not(.elementor-drop-cap-view-default) .elementor-drop-cap{margin-top:8px}.elementor-widget-text-editor:not(.elementor-drop-cap-view-default) .elementor-drop-cap-letter{width:1em;height:1em}.elementor-widget-text-editor .elementor-drop-cap{float:left;text-align:center;line-height:1;font-size:50px}.elementor-widget-text-editor .elementor-drop-cap-letter{display:inline-block}<\/style>\t\t\t\t<table border=\"0\" width=\"100%\" cellspacing=\"0\" cellpadding=\"0\"><tbody><tr><td valign=\"top\" width=\"83%\"><div align=\"justify\"><p><strong>MIKRO S\u00a0<\/strong>\u00e9 um fertilizante organomineral, que possui uma tecnologia inovadora no modo de aplica\u00e7\u00e3o, sendo indicado no tratamento das sementes de leguminosas em geral. Seus compostos agem diretamente nas pl\u00e2ntulas rec\u00e9m germinadas e solo, proporcionando um melhor desenvolvimento e padroniza\u00e7\u00e3o das plantas, al\u00e9m de um sistema radicular mais volumoso, robusto e mais nodulado que resultar\u00e1 em uma maior toler\u00e2ncia ao ataque de pragas e doen\u00e7as, diminuindo tamb\u00e9m os estresses causados pela falta de \u00e1gua.<br \/><br \/>Os resultados obtidos com o uso do\u00a0<strong>MIKRO S<\/strong>\u00a0s\u00e3o percebidos em per\u00edodos onde as plantas necessitam de uma maior resposta fisiol\u00f3gica ou para aumento da produtividade espec\u00edfica e mitiga\u00e7\u00e3o dos efeitos da falta de \u00e1gua e outros efeitos bi\u00f3ticos e abi\u00f3ticos negativos.<br \/><br \/><strong>Vantagens:<\/strong><br \/>Solo e sistema radicular saud\u00e1veis, maior resist\u00eancia ao estresse h\u00eddrico.<br \/>Maior vigor e volume de plantas, aumento de produtividade.<br \/><br \/><strong>Natureza F\u00edsica: S\u00f3lido P\u00f3<\/strong><\/p><\/div><\/td><\/tr><\/tbody><\/table>\t\t\t\t\t\t<\/div>\n\t\t\t\t<\/div>\n\t\t<div class=\"elementor-element elementor-element-fe1d6c6 e-grid e-con-boxed e-con e-child\" data-id=\"fe1d6c6\" data-element_type=\"container\">\n\t\t\t\t\t<div class=\"e-con-inner\">\n\t\t\t\t<div class=\"elementor-element elementor-element-9fca6fe elementor-widget elementor-widget-image\" data-id=\"9fca6fe\" data-element_type=\"widget\" data-widget_type=\"image.default\">\n\t\t\t\t<div class=\"elementor-widget-container\">\n\t\t\t\t\t\t\t\t\t\t\t\t\t\t<a href=\"https:\/\/megainter.com.br\/hydroplan\/lanoite\/\">\n\t\t\t\t\t\t\t<img fetchpriority=\"high\" decoding=\"async\" width=\"422\" height=\"900\" src=\"https:\/\/megainter.com.br\/hydroplan\/wp-content\/uploads\/2024\/04\/LANNOITE.png\" class=\"elementor-animation-grow attachment-large size-large wp-image-509\" alt=\"\" srcset=\"https:\/\/megainter.com.br\/hydroplan\/wp-content\/uploads\/2024\/04\/LANNOITE.png 422w, https:\/\/megainter.com.br\/hydroplan\/wp-content\/uploads\/2024\/04\/LANNOITE-141x300.png 141w\" sizes=\"(max-width: 422px) 100vw, 422px\" \/>\t\t\t\t\t\t\t\t<\/a>\n\t\t\t\t\t\t\t\t\t\t\t\t\t<\/div>\n\t\t\t\t<\/div>\n\t\t\t\t<div class=\"elementor-element elementor-element-283fac9 elementor-widget elementor-widget-image\" data-id=\"283fac9\" data-element_type=\"widget\" data-widget_type=\"image.default\">\n\t\t\t\t<div class=\"elementor-widget-container\">\n\t\t\t\t\t\t\t\t\t\t\t\t\t\t<a href=\"https:\/\/megainter.com.br\/hydroplan\/lanoite-plus\/\">\n\t\t\t\t\t\t\t<img decoding=\"async\" width=\"422\" height=\"900\" src=\"https:\/\/megainter.com.br\/hydroplan\/wp-content\/uploads\/2024\/04\/LANNOITE-Plus.png\" class=\"elementor-animation-grow attachment-large size-large wp-image-510\" alt=\"\" srcset=\"https:\/\/megainter.com.br\/hydroplan\/wp-content\/uploads\/2024\/04\/LANNOITE-Plus.png 422w, https:\/\/megainter.com.br\/hydroplan\/wp-content\/uploads\/2024\/04\/LANNOITE-Plus-141x300.png 141w\" sizes=\"(max-width: 422px) 100vw, 422px\" \/>\t\t\t\t\t\t\t\t<\/a>\n\t\t\t\t\t\t\t\t\t\t\t\t\t<\/div>\n\t\t\t\t<\/div>\n\t\t\t\t<div class=\"elementor-element elementor-element-f1c9668 elementor-widget elementor-widget-image\" data-id=\"f1c9668\" data-element_type=\"widget\" data-widget_type=\"image.default\">\n\t\t\t\t<div class=\"elementor-widget-container\">\n\t\t\t\t\t\t\t\t\t\t\t\t\t\t<a href=\"https:\/\/megainter.com.br\/hydroplan\/devello\/\">\n\t\t\t\t\t\t\t<img loading=\"lazy\" decoding=\"async\" width=\"422\" height=\"900\" src=\"https:\/\/megainter.com.br\/hydroplan\/wp-content\/uploads\/2024\/04\/devello01.png\" class=\"elementor-animation-grow attachment-large size-large wp-image-787\" alt=\"\" srcset=\"https:\/\/megainter.com.br\/hydroplan\/wp-content\/uploads\/2024\/04\/devello01.png 422w, https:\/\/megainter.com.br\/hydroplan\/wp-content\/uploads\/2024\/04\/devello01-141x300.png 141w\" sizes=\"(max-width: 422px) 100vw, 422px\" \/>\t\t\t\t\t\t\t\t<\/a>\n\t\t\t\t\t\t\t\t\t\t\t\t\t<\/div>\n\t\t\t\t<\/div>\n\t\t\t\t<div class=\"elementor-element elementor-element-22fd1df elementor-widget elementor-widget-image\" data-id=\"22fd1df\" data-element_type=\"widget\" data-widget_type=\"image.default\">\n\t\t\t\t<div class=\"elementor-widget-container\">\n\t\t\t\t\t\t\t\t\t\t\t\t\t\t<a href=\"https:\/\/megainter.com.br\/hydroplan\/mikro-hf\/\">\n\t\t\t\t\t\t\t<img loading=\"lazy\" decoding=\"async\" width=\"422\" height=\"900\" src=\"https:\/\/megainter.com.br\/hydroplan\/wp-content\/uploads\/2024\/04\/mikro-hf.png\" class=\"elementor-animation-grow attachment-large size-large wp-image-516\" alt=\"\" srcset=\"https:\/\/megainter.com.br\/hydroplan\/wp-content\/uploads\/2024\/04\/mikro-hf.png 422w, https:\/\/megainter.com.br\/hydroplan\/wp-content\/uploads\/2024\/04\/mikro-hf-141x300.png 141w\" sizes=\"(max-width: 422px) 100vw, 422px\" \/>\t\t\t\t\t\t\t\t<\/a>\n\t\t\t\t\t\t\t\t\t\t\t\t\t<\/div>\n\t\t\t\t<\/div>\n\t\t\t\t<div class=\"elementor-element elementor-element-f5e1ce4 elementor-widget elementor-widget-image\" data-id=\"f5e1ce4\" data-element_type=\"widget\" data-widget_type=\"image.default\">\n\t\t\t\t<div class=\"elementor-widget-container\">\n\t\t\t\t\t\t\t\t\t\t\t\t\t\t<a href=\"https:\/\/megainter.com.br\/hydroplan\/mikro-s\/\">\n\t\t\t\t\t\t\t<img loading=\"lazy\" decoding=\"async\" width=\"422\" height=\"900\" src=\"https:\/\/megainter.com.br\/hydroplan\/wp-content\/uploads\/2024\/04\/mikro-f.png\" class=\"elementor-animation-grow attachment-large size-large wp-image-518\" alt=\"\" srcset=\"https:\/\/megainter.com.br\/hydroplan\/wp-content\/uploads\/2024\/04\/mikro-f.png 422w, https:\/\/megainter.com.br\/hydroplan\/wp-content\/uploads\/2024\/04\/mikro-f-141x300.png 141w\" sizes=\"(max-width: 422px) 100vw, 422px\" \/>\t\t\t\t\t\t\t\t<\/a>\n\t\t\t\t\t\t\t\t\t\t\t\t\t<\/div>\n\t\t\t\t<\/div>\n\t\t\t\t<div class=\"elementor-element elementor-element-e16ba46 elementor-widget elementor-widget-image\" data-id=\"e16ba46\" data-element_type=\"widget\" data-widget_type=\"image.default\">\n\t\t\t\t<div class=\"elementor-widget-container\">\n\t\t\t\t\t\t\t\t\t\t\t\t\t\t<a href=\"https:\/\/megainter.com.br\/hydroplan\/mikro-m\/\">\n\t\t\t\t\t\t\t<img loading=\"lazy\" decoding=\"async\" width=\"422\" height=\"900\" src=\"https:\/\/megainter.com.br\/hydroplan\/wp-content\/uploads\/2024\/04\/mikro-m.png\" class=\"elementor-animation-grow attachment-large size-large wp-image-517\" alt=\"\" srcset=\"https:\/\/megainter.com.br\/hydroplan\/wp-content\/uploads\/2024\/04\/mikro-m.png 422w, https:\/\/megainter.com.br\/hydroplan\/wp-content\/uploads\/2024\/04\/mikro-m-141x300.png 141w\" sizes=\"(max-width: 422px) 100vw, 422px\" \/>\t\t\t\t\t\t\t\t<\/a>\n\t\t\t\t\t\t\t\t\t\t\t\t\t<\/div>\n\t\t\t\t<\/div>\n\t\t\t\t\t<\/div>\n\t\t\t\t<\/div>\n\t\t<div class=\"elementor-element elementor-element-49e06b0 e-grid e-con-boxed e-con e-child\" data-id=\"49e06b0\" data-element_type=\"container\">\n\t\t\t\t\t<div class=\"e-con-inner\">\n\t\t\t\t<div class=\"elementor-element elementor-element-8b784cd elementor-icon-list--layout-traditional elementor-list-item-link-full_width elementor-widget elementor-widget-icon-list\" data-id=\"8b784cd\" data-element_type=\"widget\" data-widget_type=\"icon-list.default\">\n\t\t\t\t<div class=\"elementor-widget-container\">\n\t\t\t<link rel=\"stylesheet\" href=\"https:\/\/megainter.com.br\/hydroplan\/wp-content\/plugins\/elementor\/assets\/css\/widget-icon-list.min.css\">\t\t<ul class=\"elementor-icon-list-items\">\n\t\t\t\t\t\t\t<li class=\"elementor-icon-list-item\">\n\t\t\t\t\t\t\t\t\t\t\t<a href=\"https:\/\/megainter.com.br\/hydroplan\/home\/\">\n\n\t\t\t\t\t\t\t\t\t\t\t<span class=\"elementor-icon-list-text\">VOLTAR<\/span>\n\t\t\t\t\t\t\t\t\t\t\t<\/a>\n\t\t\t\t\t\t\t\t\t<\/li>\n\t\t\t\t\t\t<\/ul>\n\t\t\t\t<\/div>\n\t\t\t\t<\/div>\n\t\t\t\t<div class=\"elementor-element elementor-element-818f668 elementor-align-right elementor-icon-list--layout-traditional elementor-list-item-link-full_width elementor-widget elementor-widget-icon-list\" data-id=\"818f668\" data-element_type=\"widget\" data-widget_type=\"icon-list.default\">\n\t\t\t\t<div class=\"elementor-widget-container\">\n\t\t\t\t\t<ul class=\"elementor-icon-list-items\">\n\t\t\t\t\t\t\t<li class=\"elementor-icon-list-item\">\n\t\t\t\t\t\t\t\t\t\t\t<a href=\"https:\/\/megainter.com.br\/hydroplan\/home\/\">\n\n\t\t\t\t\t\t\t\t\t\t\t<span class=\"elementor-icon-list-text\">HOME<\/span>\n\t\t\t\t\t\t\t\t\t\t\t<\/a>\n\t\t\t\t\t\t\t\t\t<\/li>\n\t\t\t\t\t\t<\/ul>\n\t\t\t\t<\/div>\n\t\t\t\t<\/div>\n\t\t\t\t\t<\/div>\n\t\t\t\t<\/div>\n\t\t\t\t<\/div>\n\t\t\t\t\t<\/div>\n\t\t\t\t<\/div>\n\t\t\t\t<\/div>\n\t\t","protected":false},"excerpt":{"rendered":"<p>Mikro s MIKRO S\u00a0\u00e9 um fertilizante organomineral, que possui uma tecnologia inovadora no modo de aplica\u00e7\u00e3o, sendo indicado no tratamento das sementes de leguminosas em geral. Seus compostos agem diretamente nas pl\u00e2ntulas rec\u00e9m germinadas e solo, proporcionando um melhor desenvolvimento e padroniza\u00e7\u00e3o das plantas, al\u00e9m de um sistema radicular mais volumoso, robusto e mais nodulado [&hellip;]<\/p>\n","protected":false},"author":1,"featured_media":0,"parent":0,"menu_order":0,"comment_status":"closed","ping_status":"closed","template":"elementor_canvas","meta":{"footnotes":""},"class_list":["post-577","page","type-page","status-publish","hentry"],"_links":{"self":[{"href":"https:\/\/megainter.com.br\/hydroplan\/wp-json\/wp\/v2\/pages\/577","targetHints":{"allow":["GET"]}}],"collection":[{"href":"https:\/\/megainter.com.br\/hydroplan\/wp-json\/wp\/v2\/pages"}],"about":[{"href":"https:\/\/megainter.com.br\/hydroplan\/wp-json\/wp\/v2\/types\/page"}],"author":[{"embeddable":true,"href":"https:\/\/megainter.com.br\/hydroplan\/wp-json\/wp\/v2\/users\/1"}],"replies":[{"embeddable":true,"href":"https:\/\/megainter.com.br\/hydroplan\/wp-json\/wp\/v2\/comments?post=577"}],"version-history":[{"count":10,"href":"https:\/\/megainter.com.br\/hydroplan\/wp-json\/wp\/v2\/pages\/577\/revisions"}],"predecessor-version":[{"id":886,"href":"https:\/\/megainter.com.br\/hydroplan\/wp-json\/wp\/v2\/pages\/577\/revisions\/886"}],"wp:attachment":[{"href":"https:\/\/megainter.com.br\/hydroplan\/wp-json\/wp\/v2\/media?parent=577"}],"curies":[{"name":"wp","href":"https:\/\/api.w.org\/{rel}","templated":true}]}}