{"id":582,"date":"2024-04-05T16:11:35","date_gmt":"2024-04-05T19:11:35","guid":{"rendered":"https:\/\/megainter.com.br\/hydroplan\/?page_id=582"},"modified":"2024-05-22T21:58:34","modified_gmt":"2024-05-23T00:58:34","slug":"devello","status":"publish","type":"page","link":"https:\/\/megainter.com.br\/hydroplan\/devello\/","title":{"rendered":"devello"},"content":{"rendered":"\t\t<div data-elementor-type=\"wp-page\" data-elementor-id=\"582\" class=\"elementor elementor-582\">\n\t\t\t\t<div class=\"elementor-element elementor-element-81ec1f2 e-flex e-con-boxed e-con e-parent\" data-id=\"81ec1f2\" data-element_type=\"container\" data-core-v316-plus=\"true\">\n\t\t\t\t\t<div class=\"e-con-inner\">\n\t\t<div class=\"elementor-element elementor-element-1a0bac7 e-con-full e-flex e-con e-child\" data-id=\"1a0bac7\" data-element_type=\"container\">\n\t\t\t\t<div class=\"elementor-element elementor-element-f3c899f elementor-widget elementor-widget-image\" data-id=\"f3c899f\" data-element_type=\"widget\" data-widget_type=\"image.default\">\n\t\t\t\t<div class=\"elementor-widget-container\">\n\t\t\t<style>\/*! elementor - v3.20.0 - 13-03-2024 *\/\n.elementor-widget-image{text-align:center}.elementor-widget-image a{display:inline-block}.elementor-widget-image a img[src$=\".svg\"]{width:48px}.elementor-widget-image img{vertical-align:middle;display:inline-block}<\/style>\t\t\t\t\t\t\t\t\t\t<img decoding=\"async\" width=\"230\" height=\"188\" src=\"https:\/\/megainter.com.br\/hydroplan\/wp-content\/uploads\/2024\/03\/logo-interna.png\" class=\"attachment-large size-large wp-image-158\" alt=\"\" \/>\t\t\t\t\t\t\t\t\t\t\t\t\t<\/div>\n\t\t\t\t<\/div>\n\t\t\t\t<\/div>\n\t\t<div class=\"elementor-element elementor-element-115ccb1 e-con-full e-flex e-con e-child\" data-id=\"115ccb1\" data-element_type=\"container\">\n\t\t<div class=\"elementor-element elementor-element-edac96b e-flex e-con-boxed e-con e-child\" data-id=\"edac96b\" data-element_type=\"container\">\n\t\t\t\t\t<div class=\"e-con-inner\">\n\t\t\t\t<div class=\"elementor-element elementor-element-7190b26 elementor-widget elementor-widget-heading\" data-id=\"7190b26\" data-element_type=\"widget\" data-widget_type=\"heading.default\">\n\t\t\t\t<div class=\"elementor-widget-container\">\n\t\t\t<style>\/*! elementor - v3.20.0 - 13-03-2024 *\/\n.elementor-heading-title{padding:0;margin:0;line-height:1}.elementor-widget-heading .elementor-heading-title[class*=elementor-size-]>a{color:inherit;font-size:inherit;line-height:inherit}.elementor-widget-heading .elementor-heading-title.elementor-size-small{font-size:15px}.elementor-widget-heading .elementor-heading-title.elementor-size-medium{font-size:19px}.elementor-widget-heading .elementor-heading-title.elementor-size-large{font-size:29px}.elementor-widget-heading .elementor-heading-title.elementor-size-xl{font-size:39px}.elementor-widget-heading .elementor-heading-title.elementor-size-xxl{font-size:59px}<\/style><h2 class=\"elementor-heading-title elementor-size-default\">devello<\/h2>\t\t<\/div>\n\t\t\t\t<\/div>\n\t\t\t\t\t<\/div>\n\t\t\t\t<\/div>\n\t\t\t\t<div class=\"elementor-element elementor-element-e6dfee2 elementor-widget elementor-widget-text-editor\" data-id=\"e6dfee2\" data-element_type=\"widget\" data-widget_type=\"text-editor.default\">\n\t\t\t\t<div class=\"elementor-widget-container\">\n\t\t\t<style>\/*! elementor - v3.20.0 - 13-03-2024 *\/\n.elementor-widget-text-editor.elementor-drop-cap-view-stacked .elementor-drop-cap{background-color:#69727d;color:#fff}.elementor-widget-text-editor.elementor-drop-cap-view-framed .elementor-drop-cap{color:#69727d;border:3px solid;background-color:transparent}.elementor-widget-text-editor:not(.elementor-drop-cap-view-default) .elementor-drop-cap{margin-top:8px}.elementor-widget-text-editor:not(.elementor-drop-cap-view-default) .elementor-drop-cap-letter{width:1em;height:1em}.elementor-widget-text-editor .elementor-drop-cap{float:left;text-align:center;line-height:1;font-size:50px}.elementor-widget-text-editor .elementor-drop-cap-letter{display:inline-block}<\/style>\t\t\t\t<p><strong>DEVELLO<\/strong>\u00a0\u00e9 um fertilizante mineral misto, estrategicamente desenvolvido para garantir a m\u00e1xima atividade enzim\u00e1tica nos processos envolvidos com a fixa\u00e7\u00e3o biol\u00f3gica do nitrog\u00eanio presente nas leguminosas, mas tamb\u00e9m no m\u00e1ximo aproveitamento do nitrog\u00eanio, nas mais diversas culturas.<\/p><p><strong>DEVELLO<\/strong>, tem uma formula\u00e7\u00e3o balanceada de micronutrientes estrat\u00e9gicos, garantindo a m\u00e1xima convers\u00e3o das diferentes fontes nitrogenadas e tamb\u00e9m da FBN, em amino\u00e1cidos essenciais e prote\u00ednas.<\/p><p>Com\u00a0<strong>DEVELLO<\/strong>\u00a0sua cultura ter\u00e1 o m\u00e1ximo aproveitamento do nitrog\u00eanio atrav\u00e9s da composi\u00e7\u00e3o e ativa\u00e7\u00e3o de processos enzim\u00e1ticos, envolvidos na transforma\u00e7\u00e3o do Nitrog\u00eanio em compostos finais como prote\u00ednas, equilibrando assim os n\u00edveis de nitrog\u00eanio livre na planta, aumentando sua produtividade e tornando seu cultivo menos suscet\u00edvel ao ataque de pragas e doen\u00e7as.<br \/><br \/><strong>Mat\u00e9ria-prima\/Componentes:<\/strong>\u00a0Molibdato de S\u00f3dio, Sulfato de Cobalto, Sulfato de N\u00edquel, Subst\u00e2ncias H\u00famicas, Amino\u00e1cido, Ureia e \u00c1gua.<\/p>\t\t\t\t\t\t<\/div>\n\t\t\t\t<\/div>\n\t\t\t\t<div class=\"elementor-element elementor-element-238c2d7 elementor-widget elementor-widget-image\" data-id=\"238c2d7\" data-element_type=\"widget\" data-widget_type=\"image.default\">\n\t\t\t\t<div class=\"elementor-widget-container\">\n\t\t\t\t\t\t\t\t\t\t\t\t\t<img decoding=\"async\" width=\"200\" height=\"138\" src=\"https:\/\/megainter.com.br\/hydroplan\/wp-content\/uploads\/2024\/04\/apresentacao1.png\" class=\"attachment-full size-full wp-image-614\" alt=\"\" \/>\t\t\t\t\t\t\t\t\t\t\t\t\t<\/div>\n\t\t\t\t<\/div>\n\t\t<div class=\"elementor-element elementor-element-beb6457 e-grid e-con-boxed e-con e-child\" data-id=\"beb6457\" data-element_type=\"container\">\n\t\t\t\t\t<div class=\"e-con-inner\">\n\t\t\t\t<div class=\"elementor-element elementor-element-29725e4 elementor-widget elementor-widget-image\" data-id=\"29725e4\" data-element_type=\"widget\" data-widget_type=\"image.default\">\n\t\t\t\t<div class=\"elementor-widget-container\">\n\t\t\t\t\t\t\t\t\t\t\t\t\t\t<a href=\"https:\/\/megainter.com.br\/hydroplan\/lanoite\/\">\n\t\t\t\t\t\t\t<img fetchpriority=\"high\" decoding=\"async\" width=\"422\" height=\"900\" src=\"https:\/\/megainter.com.br\/hydroplan\/wp-content\/uploads\/2024\/04\/LANNOITE.png\" class=\"elementor-animation-grow attachment-large size-large wp-image-509\" alt=\"\" srcset=\"https:\/\/megainter.com.br\/hydroplan\/wp-content\/uploads\/2024\/04\/LANNOITE.png 422w, https:\/\/megainter.com.br\/hydroplan\/wp-content\/uploads\/2024\/04\/LANNOITE-141x300.png 141w\" sizes=\"(max-width: 422px) 100vw, 422px\" \/>\t\t\t\t\t\t\t\t<\/a>\n\t\t\t\t\t\t\t\t\t\t\t\t\t<\/div>\n\t\t\t\t<\/div>\n\t\t\t\t<div class=\"elementor-element elementor-element-d7ddf48 elementor-widget elementor-widget-image\" data-id=\"d7ddf48\" data-element_type=\"widget\" data-widget_type=\"image.default\">\n\t\t\t\t<div class=\"elementor-widget-container\">\n\t\t\t\t\t\t\t\t\t\t\t\t\t\t<a href=\"https:\/\/megainter.com.br\/hydroplan\/lanoite-plus\/\">\n\t\t\t\t\t\t\t<img loading=\"lazy\" decoding=\"async\" width=\"422\" height=\"900\" src=\"https:\/\/megainter.com.br\/hydroplan\/wp-content\/uploads\/2024\/04\/LANNOITE-Plus.png\" class=\"elementor-animation-grow attachment-large size-large wp-image-510\" alt=\"\" srcset=\"https:\/\/megainter.com.br\/hydroplan\/wp-content\/uploads\/2024\/04\/LANNOITE-Plus.png 422w, https:\/\/megainter.com.br\/hydroplan\/wp-content\/uploads\/2024\/04\/LANNOITE-Plus-141x300.png 141w\" sizes=\"(max-width: 422px) 100vw, 422px\" \/>\t\t\t\t\t\t\t\t<\/a>\n\t\t\t\t\t\t\t\t\t\t\t\t\t<\/div>\n\t\t\t\t<\/div>\n\t\t\t\t<div class=\"elementor-element elementor-element-2f4da9a elementor-widget elementor-widget-image\" data-id=\"2f4da9a\" data-element_type=\"widget\" data-widget_type=\"image.default\">\n\t\t\t\t<div class=\"elementor-widget-container\">\n\t\t\t\t\t\t\t\t\t\t\t\t\t\t<a href=\"https:\/\/megainter.com.br\/hydroplan\/devello\/\">\n\t\t\t\t\t\t\t<img loading=\"lazy\" decoding=\"async\" width=\"422\" height=\"900\" src=\"https:\/\/megainter.com.br\/hydroplan\/wp-content\/uploads\/2024\/04\/devello01.png\" class=\"elementor-animation-grow attachment-large size-large wp-image-787\" alt=\"\" srcset=\"https:\/\/megainter.com.br\/hydroplan\/wp-content\/uploads\/2024\/04\/devello01.png 422w, https:\/\/megainter.com.br\/hydroplan\/wp-content\/uploads\/2024\/04\/devello01-141x300.png 141w\" sizes=\"(max-width: 422px) 100vw, 422px\" \/>\t\t\t\t\t\t\t\t<\/a>\n\t\t\t\t\t\t\t\t\t\t\t\t\t<\/div>\n\t\t\t\t<\/div>\n\t\t\t\t<div class=\"elementor-element elementor-element-f9eb140 elementor-widget elementor-widget-image\" data-id=\"f9eb140\" data-element_type=\"widget\" data-widget_type=\"image.default\">\n\t\t\t\t<div class=\"elementor-widget-container\">\n\t\t\t\t\t\t\t\t\t\t\t\t\t\t<a href=\"https:\/\/megainter.com.br\/hydroplan\/mikro-hf\/\">\n\t\t\t\t\t\t\t<img loading=\"lazy\" decoding=\"async\" width=\"422\" height=\"900\" src=\"https:\/\/megainter.com.br\/hydroplan\/wp-content\/uploads\/2024\/04\/mikro-hf.png\" class=\"elementor-animation-grow attachment-large size-large wp-image-516\" alt=\"\" srcset=\"https:\/\/megainter.com.br\/hydroplan\/wp-content\/uploads\/2024\/04\/mikro-hf.png 422w, https:\/\/megainter.com.br\/hydroplan\/wp-content\/uploads\/2024\/04\/mikro-hf-141x300.png 141w\" sizes=\"(max-width: 422px) 100vw, 422px\" \/>\t\t\t\t\t\t\t\t<\/a>\n\t\t\t\t\t\t\t\t\t\t\t\t\t<\/div>\n\t\t\t\t<\/div>\n\t\t\t\t<div class=\"elementor-element elementor-element-c02ace2 elementor-widget elementor-widget-image\" data-id=\"c02ace2\" data-element_type=\"widget\" data-widget_type=\"image.default\">\n\t\t\t\t<div class=\"elementor-widget-container\">\n\t\t\t\t\t\t\t\t\t\t\t\t\t\t<a href=\"https:\/\/megainter.com.br\/hydroplan\/mikro-s\/\">\n\t\t\t\t\t\t\t<img loading=\"lazy\" decoding=\"async\" width=\"422\" height=\"900\" src=\"https:\/\/megainter.com.br\/hydroplan\/wp-content\/uploads\/2024\/04\/mikro-f.png\" class=\"elementor-animation-grow attachment-large size-large wp-image-518\" alt=\"\" srcset=\"https:\/\/megainter.com.br\/hydroplan\/wp-content\/uploads\/2024\/04\/mikro-f.png 422w, https:\/\/megainter.com.br\/hydroplan\/wp-content\/uploads\/2024\/04\/mikro-f-141x300.png 141w\" sizes=\"(max-width: 422px) 100vw, 422px\" \/>\t\t\t\t\t\t\t\t<\/a>\n\t\t\t\t\t\t\t\t\t\t\t\t\t<\/div>\n\t\t\t\t<\/div>\n\t\t\t\t<div class=\"elementor-element elementor-element-859dcd7 elementor-widget elementor-widget-image\" data-id=\"859dcd7\" data-element_type=\"widget\" data-widget_type=\"image.default\">\n\t\t\t\t<div class=\"elementor-widget-container\">\n\t\t\t\t\t\t\t\t\t\t\t\t\t\t<a href=\"https:\/\/megainter.com.br\/hydroplan\/mikro-m\/\">\n\t\t\t\t\t\t\t<img loading=\"lazy\" decoding=\"async\" width=\"422\" height=\"900\" src=\"https:\/\/megainter.com.br\/hydroplan\/wp-content\/uploads\/2024\/04\/mikro-m.png\" class=\"elementor-animation-grow attachment-large size-large wp-image-517\" alt=\"\" srcset=\"https:\/\/megainter.com.br\/hydroplan\/wp-content\/uploads\/2024\/04\/mikro-m.png 422w, https:\/\/megainter.com.br\/hydroplan\/wp-content\/uploads\/2024\/04\/mikro-m-141x300.png 141w\" sizes=\"(max-width: 422px) 100vw, 422px\" \/>\t\t\t\t\t\t\t\t<\/a>\n\t\t\t\t\t\t\t\t\t\t\t\t\t<\/div>\n\t\t\t\t<\/div>\n\t\t\t\t\t<\/div>\n\t\t\t\t<\/div>\n\t\t<div class=\"elementor-element elementor-element-416c9ec e-grid e-con-boxed e-con e-child\" data-id=\"416c9ec\" data-element_type=\"container\">\n\t\t\t\t\t<div class=\"e-con-inner\">\n\t\t\t\t<div class=\"elementor-element elementor-element-09d3cd2 elementor-icon-list--layout-traditional elementor-list-item-link-full_width elementor-widget elementor-widget-icon-list\" data-id=\"09d3cd2\" data-element_type=\"widget\" data-widget_type=\"icon-list.default\">\n\t\t\t\t<div class=\"elementor-widget-container\">\n\t\t\t<link rel=\"stylesheet\" href=\"https:\/\/megainter.com.br\/hydroplan\/wp-content\/plugins\/elementor\/assets\/css\/widget-icon-list.min.css\">\t\t<ul class=\"elementor-icon-list-items\">\n\t\t\t\t\t\t\t<li class=\"elementor-icon-list-item\">\n\t\t\t\t\t\t\t\t\t\t\t<a href=\"https:\/\/megainter.com.br\/hydroplan\/home\/\">\n\n\t\t\t\t\t\t\t\t\t\t\t<span class=\"elementor-icon-list-text\">VOLTAR<\/span>\n\t\t\t\t\t\t\t\t\t\t\t<\/a>\n\t\t\t\t\t\t\t\t\t<\/li>\n\t\t\t\t\t\t<\/ul>\n\t\t\t\t<\/div>\n\t\t\t\t<\/div>\n\t\t\t\t<div class=\"elementor-element elementor-element-e8dec34 elementor-align-right elementor-icon-list--layout-traditional elementor-list-item-link-full_width elementor-widget elementor-widget-icon-list\" data-id=\"e8dec34\" data-element_type=\"widget\" data-widget_type=\"icon-list.default\">\n\t\t\t\t<div class=\"elementor-widget-container\">\n\t\t\t\t\t<ul class=\"elementor-icon-list-items\">\n\t\t\t\t\t\t\t<li class=\"elementor-icon-list-item\">\n\t\t\t\t\t\t\t\t\t\t\t<a href=\"https:\/\/megainter.com.br\/hydroplan\/home\/\">\n\n\t\t\t\t\t\t\t\t\t\t\t<span class=\"elementor-icon-list-text\">HOME<\/span>\n\t\t\t\t\t\t\t\t\t\t\t<\/a>\n\t\t\t\t\t\t\t\t\t<\/li>\n\t\t\t\t\t\t<\/ul>\n\t\t\t\t<\/div>\n\t\t\t\t<\/div>\n\t\t\t\t\t<\/div>\n\t\t\t\t<\/div>\n\t\t\t\t<\/div>\n\t\t\t\t\t<\/div>\n\t\t\t\t<\/div>\n\t\t\t\t<\/div>\n\t\t","protected":false},"excerpt":{"rendered":"<p>devello DEVELLO\u00a0\u00e9 um fertilizante mineral misto, estrategicamente desenvolvido para garantir a m\u00e1xima atividade enzim\u00e1tica nos processos envolvidos com a fixa\u00e7\u00e3o biol\u00f3gica do nitrog\u00eanio presente nas leguminosas, mas tamb\u00e9m no m\u00e1ximo aproveitamento do nitrog\u00eanio, nas mais diversas culturas. DEVELLO, tem uma formula\u00e7\u00e3o balanceada de micronutrientes estrat\u00e9gicos, garantindo a m\u00e1xima convers\u00e3o das diferentes fontes nitrogenadas e tamb\u00e9m [&hellip;]<\/p>\n","protected":false},"author":1,"featured_media":0,"parent":0,"menu_order":0,"comment_status":"closed","ping_status":"closed","template":"elementor_canvas","meta":{"footnotes":""},"class_list":["post-582","page","type-page","status-publish","hentry"],"_links":{"self":[{"href":"https:\/\/megainter.com.br\/hydroplan\/wp-json\/wp\/v2\/pages\/582","targetHints":{"allow":["GET"]}}],"collection":[{"href":"https:\/\/megainter.com.br\/hydroplan\/wp-json\/wp\/v2\/pages"}],"about":[{"href":"https:\/\/megainter.com.br\/hydroplan\/wp-json\/wp\/v2\/types\/page"}],"author":[{"embeddable":true,"href":"https:\/\/megainter.com.br\/hydroplan\/wp-json\/wp\/v2\/users\/1"}],"replies":[{"embeddable":true,"href":"https:\/\/megainter.com.br\/hydroplan\/wp-json\/wp\/v2\/comments?post=582"}],"version-history":[{"count":10,"href":"https:\/\/megainter.com.br\/hydroplan\/wp-json\/wp\/v2\/pages\/582\/revisions"}],"predecessor-version":[{"id":880,"href":"https:\/\/megainter.com.br\/hydroplan\/wp-json\/wp\/v2\/pages\/582\/revisions\/880"}],"wp:attachment":[{"href":"https:\/\/megainter.com.br\/hydroplan\/wp-json\/wp\/v2\/media?parent=582"}],"curies":[{"name":"wp","href":"https:\/\/api.w.org\/{rel}","templated":true}]}}