{"id":601,"date":"2024-04-05T16:50:39","date_gmt":"2024-04-05T19:50:39","guid":{"rendered":"https:\/\/megainter.com.br\/hydroplan\/?page_id=601"},"modified":"2024-05-22T21:56:39","modified_gmt":"2024-05-23T00:56:39","slug":"lanoite","status":"publish","type":"page","link":"https:\/\/megainter.com.br\/hydroplan\/lanoite\/","title":{"rendered":"lannoite +"},"content":{"rendered":"\t\t<div data-elementor-type=\"wp-page\" data-elementor-id=\"601\" class=\"elementor elementor-601\">\n\t\t\t\t<div class=\"elementor-element elementor-element-81ec1f2 e-flex e-con-boxed e-con e-parent\" data-id=\"81ec1f2\" data-element_type=\"container\" data-core-v316-plus=\"true\">\n\t\t\t\t\t<div class=\"e-con-inner\">\n\t\t<div class=\"elementor-element elementor-element-1a0bac7 e-con-full e-flex e-con e-child\" data-id=\"1a0bac7\" data-element_type=\"container\">\n\t\t\t\t<div class=\"elementor-element elementor-element-f3c899f elementor-widget elementor-widget-image\" data-id=\"f3c899f\" data-element_type=\"widget\" data-widget_type=\"image.default\">\n\t\t\t\t<div class=\"elementor-widget-container\">\n\t\t\t<style>\/*! elementor - v3.20.0 - 13-03-2024 *\/\n.elementor-widget-image{text-align:center}.elementor-widget-image a{display:inline-block}.elementor-widget-image a img[src$=\".svg\"]{width:48px}.elementor-widget-image img{vertical-align:middle;display:inline-block}<\/style>\t\t\t\t\t\t\t\t\t\t<img decoding=\"async\" width=\"230\" height=\"188\" src=\"https:\/\/megainter.com.br\/hydroplan\/wp-content\/uploads\/2024\/03\/logo-interna.png\" class=\"attachment-large size-large wp-image-158\" alt=\"\" \/>\t\t\t\t\t\t\t\t\t\t\t\t\t<\/div>\n\t\t\t\t<\/div>\n\t\t\t\t<\/div>\n\t\t<div class=\"elementor-element elementor-element-115ccb1 e-con-full e-flex e-con e-child\" data-id=\"115ccb1\" data-element_type=\"container\">\n\t\t<div class=\"elementor-element elementor-element-edac96b e-flex e-con-boxed e-con e-child\" data-id=\"edac96b\" data-element_type=\"container\">\n\t\t\t\t\t<div class=\"e-con-inner\">\n\t\t\t\t<div class=\"elementor-element elementor-element-7190b26 elementor-widget elementor-widget-heading\" data-id=\"7190b26\" data-element_type=\"widget\" data-widget_type=\"heading.default\">\n\t\t\t\t<div class=\"elementor-widget-container\">\n\t\t\t<style>\/*! elementor - v3.20.0 - 13-03-2024 *\/\n.elementor-heading-title{padding:0;margin:0;line-height:1}.elementor-widget-heading .elementor-heading-title[class*=elementor-size-]>a{color:inherit;font-size:inherit;line-height:inherit}.elementor-widget-heading .elementor-heading-title.elementor-size-small{font-size:15px}.elementor-widget-heading .elementor-heading-title.elementor-size-medium{font-size:19px}.elementor-widget-heading .elementor-heading-title.elementor-size-large{font-size:29px}.elementor-widget-heading .elementor-heading-title.elementor-size-xl{font-size:39px}.elementor-widget-heading .elementor-heading-title.elementor-size-xxl{font-size:59px}<\/style><h2 class=\"elementor-heading-title elementor-size-default\">Lannoite +<\/h2>\t\t<\/div>\n\t\t\t\t<\/div>\n\t\t\t\t\t<\/div>\n\t\t\t\t<\/div>\n\t\t\t\t<div class=\"elementor-element elementor-element-e6dfee2 elementor-widget elementor-widget-text-editor\" data-id=\"e6dfee2\" data-element_type=\"widget\" data-widget_type=\"text-editor.default\">\n\t\t\t\t<div class=\"elementor-widget-container\">\n\t\t\t<style>\/*! elementor - v3.20.0 - 13-03-2024 *\/\n.elementor-widget-text-editor.elementor-drop-cap-view-stacked .elementor-drop-cap{background-color:#69727d;color:#fff}.elementor-widget-text-editor.elementor-drop-cap-view-framed .elementor-drop-cap{color:#69727d;border:3px solid;background-color:transparent}.elementor-widget-text-editor:not(.elementor-drop-cap-view-default) .elementor-drop-cap{margin-top:8px}.elementor-widget-text-editor:not(.elementor-drop-cap-view-default) .elementor-drop-cap-letter{width:1em;height:1em}.elementor-widget-text-editor .elementor-drop-cap{float:left;text-align:center;line-height:1;font-size:50px}.elementor-widget-text-editor .elementor-drop-cap-letter{display:inline-block}<\/style>\t\t\t\t<p><strong>LANNOITE+<\/strong> \u00e9 um composto bioestimulante vegetal com caracter\u00edsticas diferenciadas, devido a alta qualidade das mat\u00e9rias primas utilizadas, ideal para utiliza\u00e7\u00e3o quando h\u00e1 necessidade de crescimento vegetativo, durante estresse ambiental ou para recupera\u00e7\u00e3o e promo\u00e7\u00e3o das fun\u00e7\u00f5es fisiol\u00f3gicas e fotossint\u00e9ticas das plantas. A sua utiliza\u00e7\u00e3o promove o crescimento uniforme e um aumento da qualidade associada a produtividade, devido a a\u00e7\u00e3o sin\u00e9rgica de suas enzimas e amino\u00e1cidos livres para os momentos de demanda dos vegetais.<br \/><br \/>Quando aplicado em momentos de estresse (fitotoxidez, geada, asfixia radicular, varia\u00e7\u00f5es bruscas de temperatura e luminosidade, capina, granizo), sua a\u00e7\u00e3o permite que as plantas superem o estresse de forma modulada e r\u00e1pida.<br \/><br \/><strong>LANNOITE+<\/strong> \u00e9 compat\u00edvel com a maioria dos defensivos agr\u00edcolas e pode ser utilizado via pulveriza\u00e7\u00e3o, drench, fertirriga\u00e7\u00e3o e tratamento de bandejas de mudas.<\/p>\t\t\t\t\t\t<\/div>\n\t\t\t\t<\/div>\n\t\t\t\t<div class=\"elementor-element elementor-element-b5ad5a7 elementor-widget elementor-widget-image\" data-id=\"b5ad5a7\" data-element_type=\"widget\" data-widget_type=\"image.default\">\n\t\t\t\t<div class=\"elementor-widget-container\">\n\t\t\t\t\t\t\t\t\t\t\t\t\t<img decoding=\"async\" width=\"200\" height=\"138\" src=\"https:\/\/megainter.com.br\/hydroplan\/wp-content\/uploads\/2024\/04\/apresentacao1.png\" class=\"attachment-full size-full wp-image-614\" alt=\"\" \/>\t\t\t\t\t\t\t\t\t\t\t\t\t<\/div>\n\t\t\t\t<\/div>\n\t\t<div class=\"elementor-element elementor-element-c99a42c e-grid e-con-boxed e-con e-child\" data-id=\"c99a42c\" data-element_type=\"container\">\n\t\t\t\t\t<div class=\"e-con-inner\">\n\t\t\t\t<div class=\"elementor-element elementor-element-b165684 elementor-widget elementor-widget-image\" data-id=\"b165684\" data-element_type=\"widget\" data-widget_type=\"image.default\">\n\t\t\t\t<div class=\"elementor-widget-container\">\n\t\t\t\t\t\t\t\t\t\t\t\t\t\t<a href=\"https:\/\/megainter.com.br\/hydroplan\/lanoite\/\">\n\t\t\t\t\t\t\t<img fetchpriority=\"high\" decoding=\"async\" width=\"422\" height=\"900\" src=\"https:\/\/megainter.com.br\/hydroplan\/wp-content\/uploads\/2024\/04\/LANNOITE.png\" class=\"elementor-animation-grow attachment-large size-large wp-image-509\" alt=\"\" srcset=\"https:\/\/megainter.com.br\/hydroplan\/wp-content\/uploads\/2024\/04\/LANNOITE.png 422w, https:\/\/megainter.com.br\/hydroplan\/wp-content\/uploads\/2024\/04\/LANNOITE-141x300.png 141w\" sizes=\"(max-width: 422px) 100vw, 422px\" \/>\t\t\t\t\t\t\t\t<\/a>\n\t\t\t\t\t\t\t\t\t\t\t\t\t<\/div>\n\t\t\t\t<\/div>\n\t\t\t\t<div class=\"elementor-element elementor-element-9c8b39c elementor-widget elementor-widget-image\" data-id=\"9c8b39c\" data-element_type=\"widget\" data-widget_type=\"image.default\">\n\t\t\t\t<div class=\"elementor-widget-container\">\n\t\t\t\t\t\t\t\t\t\t\t\t\t\t<a href=\"https:\/\/megainter.com.br\/hydroplan\/lanoite-plus\/\">\n\t\t\t\t\t\t\t<img loading=\"lazy\" decoding=\"async\" width=\"422\" height=\"900\" src=\"https:\/\/megainter.com.br\/hydroplan\/wp-content\/uploads\/2024\/04\/LANNOITE-Plus.png\" class=\"elementor-animation-grow attachment-large size-large wp-image-510\" alt=\"\" srcset=\"https:\/\/megainter.com.br\/hydroplan\/wp-content\/uploads\/2024\/04\/LANNOITE-Plus.png 422w, https:\/\/megainter.com.br\/hydroplan\/wp-content\/uploads\/2024\/04\/LANNOITE-Plus-141x300.png 141w\" sizes=\"(max-width: 422px) 100vw, 422px\" \/>\t\t\t\t\t\t\t\t<\/a>\n\t\t\t\t\t\t\t\t\t\t\t\t\t<\/div>\n\t\t\t\t<\/div>\n\t\t\t\t<div class=\"elementor-element elementor-element-805a455 elementor-widget elementor-widget-image\" data-id=\"805a455\" data-element_type=\"widget\" data-widget_type=\"image.default\">\n\t\t\t\t<div class=\"elementor-widget-container\">\n\t\t\t\t\t\t\t\t\t\t\t\t\t\t<a href=\"https:\/\/megainter.com.br\/hydroplan\/devello\/\">\n\t\t\t\t\t\t\t<img loading=\"lazy\" decoding=\"async\" width=\"422\" height=\"900\" src=\"https:\/\/megainter.com.br\/hydroplan\/wp-content\/uploads\/2024\/04\/devello01.png\" class=\"elementor-animation-grow attachment-large size-large wp-image-787\" alt=\"\" srcset=\"https:\/\/megainter.com.br\/hydroplan\/wp-content\/uploads\/2024\/04\/devello01.png 422w, https:\/\/megainter.com.br\/hydroplan\/wp-content\/uploads\/2024\/04\/devello01-141x300.png 141w\" sizes=\"(max-width: 422px) 100vw, 422px\" \/>\t\t\t\t\t\t\t\t<\/a>\n\t\t\t\t\t\t\t\t\t\t\t\t\t<\/div>\n\t\t\t\t<\/div>\n\t\t\t\t<div class=\"elementor-element elementor-element-ca2e21a elementor-widget elementor-widget-image\" data-id=\"ca2e21a\" data-element_type=\"widget\" data-widget_type=\"image.default\">\n\t\t\t\t<div class=\"elementor-widget-container\">\n\t\t\t\t\t\t\t\t\t\t\t\t\t\t<a href=\"https:\/\/megainter.com.br\/hydroplan\/mikro-hf\/\">\n\t\t\t\t\t\t\t<img loading=\"lazy\" decoding=\"async\" width=\"422\" height=\"900\" src=\"https:\/\/megainter.com.br\/hydroplan\/wp-content\/uploads\/2024\/04\/mikro-hf.png\" class=\"elementor-animation-grow attachment-large size-large wp-image-516\" alt=\"\" srcset=\"https:\/\/megainter.com.br\/hydroplan\/wp-content\/uploads\/2024\/04\/mikro-hf.png 422w, https:\/\/megainter.com.br\/hydroplan\/wp-content\/uploads\/2024\/04\/mikro-hf-141x300.png 141w\" sizes=\"(max-width: 422px) 100vw, 422px\" \/>\t\t\t\t\t\t\t\t<\/a>\n\t\t\t\t\t\t\t\t\t\t\t\t\t<\/div>\n\t\t\t\t<\/div>\n\t\t\t\t<div class=\"elementor-element elementor-element-d1012b3 elementor-widget elementor-widget-image\" data-id=\"d1012b3\" data-element_type=\"widget\" data-widget_type=\"image.default\">\n\t\t\t\t<div class=\"elementor-widget-container\">\n\t\t\t\t\t\t\t\t\t\t\t\t\t\t<a href=\"https:\/\/megainter.com.br\/hydroplan\/mikro-s\/\">\n\t\t\t\t\t\t\t<img loading=\"lazy\" decoding=\"async\" width=\"422\" height=\"900\" src=\"https:\/\/megainter.com.br\/hydroplan\/wp-content\/uploads\/2024\/04\/mikro-f.png\" class=\"elementor-animation-grow attachment-large size-large wp-image-518\" alt=\"\" srcset=\"https:\/\/megainter.com.br\/hydroplan\/wp-content\/uploads\/2024\/04\/mikro-f.png 422w, https:\/\/megainter.com.br\/hydroplan\/wp-content\/uploads\/2024\/04\/mikro-f-141x300.png 141w\" sizes=\"(max-width: 422px) 100vw, 422px\" \/>\t\t\t\t\t\t\t\t<\/a>\n\t\t\t\t\t\t\t\t\t\t\t\t\t<\/div>\n\t\t\t\t<\/div>\n\t\t\t\t<div class=\"elementor-element elementor-element-f1ddd5d elementor-widget elementor-widget-image\" data-id=\"f1ddd5d\" data-element_type=\"widget\" data-widget_type=\"image.default\">\n\t\t\t\t<div class=\"elementor-widget-container\">\n\t\t\t\t\t\t\t\t\t\t\t\t\t\t<a href=\"https:\/\/megainter.com.br\/hydroplan\/mikro-m\/\">\n\t\t\t\t\t\t\t<img loading=\"lazy\" decoding=\"async\" width=\"422\" height=\"900\" src=\"https:\/\/megainter.com.br\/hydroplan\/wp-content\/uploads\/2024\/04\/mikro-m.png\" class=\"elementor-animation-grow attachment-large size-large wp-image-517\" alt=\"\" srcset=\"https:\/\/megainter.com.br\/hydroplan\/wp-content\/uploads\/2024\/04\/mikro-m.png 422w, https:\/\/megainter.com.br\/hydroplan\/wp-content\/uploads\/2024\/04\/mikro-m-141x300.png 141w\" sizes=\"(max-width: 422px) 100vw, 422px\" \/>\t\t\t\t\t\t\t\t<\/a>\n\t\t\t\t\t\t\t\t\t\t\t\t\t<\/div>\n\t\t\t\t<\/div>\n\t\t\t\t\t<\/div>\n\t\t\t\t<\/div>\n\t\t<div class=\"elementor-element elementor-element-6d040fa e-grid e-con-boxed e-con e-child\" data-id=\"6d040fa\" data-element_type=\"container\">\n\t\t\t\t\t<div class=\"e-con-inner\">\n\t\t\t\t<div class=\"elementor-element elementor-element-8e4997a elementor-icon-list--layout-traditional elementor-list-item-link-full_width elementor-widget elementor-widget-icon-list\" data-id=\"8e4997a\" data-element_type=\"widget\" data-widget_type=\"icon-list.default\">\n\t\t\t\t<div class=\"elementor-widget-container\">\n\t\t\t<link rel=\"stylesheet\" href=\"https:\/\/megainter.com.br\/hydroplan\/wp-content\/plugins\/elementor\/assets\/css\/widget-icon-list.min.css\">\t\t<ul class=\"elementor-icon-list-items\">\n\t\t\t\t\t\t\t<li class=\"elementor-icon-list-item\">\n\t\t\t\t\t\t\t\t\t\t\t<a href=\"https:\/\/megainter.com.br\/hydroplan\/especialidades\/\">\n\n\t\t\t\t\t\t\t\t\t\t\t<span class=\"elementor-icon-list-text\">VOLTAR<\/span>\n\t\t\t\t\t\t\t\t\t\t\t<\/a>\n\t\t\t\t\t\t\t\t\t<\/li>\n\t\t\t\t\t\t<\/ul>\n\t\t\t\t<\/div>\n\t\t\t\t<\/div>\n\t\t\t\t<div class=\"elementor-element elementor-element-aa0a749 elementor-align-right elementor-icon-list--layout-traditional elementor-list-item-link-full_width elementor-widget elementor-widget-icon-list\" data-id=\"aa0a749\" data-element_type=\"widget\" data-widget_type=\"icon-list.default\">\n\t\t\t\t<div class=\"elementor-widget-container\">\n\t\t\t\t\t<ul class=\"elementor-icon-list-items\">\n\t\t\t\t\t\t\t<li class=\"elementor-icon-list-item\">\n\t\t\t\t\t\t\t\t\t\t\t<a href=\"https:\/\/megainter.com.br\/hydroplan\/home\/\">\n\n\t\t\t\t\t\t\t\t\t\t\t<span class=\"elementor-icon-list-text\">HOME<\/span>\n\t\t\t\t\t\t\t\t\t\t\t<\/a>\n\t\t\t\t\t\t\t\t\t<\/li>\n\t\t\t\t\t\t<\/ul>\n\t\t\t\t<\/div>\n\t\t\t\t<\/div>\n\t\t\t\t\t<\/div>\n\t\t\t\t<\/div>\n\t\t\t\t<\/div>\n\t\t\t\t\t<\/div>\n\t\t\t\t<\/div>\n\t\t\t\t<\/div>\n\t\t","protected":false},"excerpt":{"rendered":"<p>Lannoite + LANNOITE+ \u00e9 um composto bioestimulante vegetal com caracter\u00edsticas diferenciadas, devido a alta qualidade das mat\u00e9rias primas utilizadas, ideal para utiliza\u00e7\u00e3o quando h\u00e1 necessidade de crescimento vegetativo, durante estresse ambiental ou para recupera\u00e7\u00e3o e promo\u00e7\u00e3o das fun\u00e7\u00f5es fisiol\u00f3gicas e fotossint\u00e9ticas das plantas. A sua utiliza\u00e7\u00e3o promove o crescimento uniforme e um aumento da qualidade [&hellip;]<\/p>\n","protected":false},"author":1,"featured_media":0,"parent":0,"menu_order":0,"comment_status":"closed","ping_status":"closed","template":"elementor_canvas","meta":{"footnotes":""},"class_list":["post-601","page","type-page","status-publish","hentry"],"_links":{"self":[{"href":"https:\/\/megainter.com.br\/hydroplan\/wp-json\/wp\/v2\/pages\/601","targetHints":{"allow":["GET"]}}],"collection":[{"href":"https:\/\/megainter.com.br\/hydroplan\/wp-json\/wp\/v2\/pages"}],"about":[{"href":"https:\/\/megainter.com.br\/hydroplan\/wp-json\/wp\/v2\/types\/page"}],"author":[{"embeddable":true,"href":"https:\/\/megainter.com.br\/hydroplan\/wp-json\/wp\/v2\/users\/1"}],"replies":[{"embeddable":true,"href":"https:\/\/megainter.com.br\/hydroplan\/wp-json\/wp\/v2\/comments?post=601"}],"version-history":[{"count":28,"href":"https:\/\/megainter.com.br\/hydroplan\/wp-json\/wp\/v2\/pages\/601\/revisions"}],"predecessor-version":[{"id":874,"href":"https:\/\/megainter.com.br\/hydroplan\/wp-json\/wp\/v2\/pages\/601\/revisions\/874"}],"wp:attachment":[{"href":"https:\/\/megainter.com.br\/hydroplan\/wp-json\/wp\/v2\/media?parent=601"}],"curies":[{"name":"wp","href":"https:\/\/api.w.org\/{rel}","templated":true}]}}