{"id":837,"date":"2024-05-20T23:03:53","date_gmt":"2024-05-21T02:03:53","guid":{"rendered":"https:\/\/megainter.com.br\/hydroplan\/?page_id=837"},"modified":"2024-05-21T22:27:02","modified_gmt":"2024-05-22T01:27:02","slug":"hyb-plus","status":"publish","type":"page","link":"https:\/\/megainter.com.br\/hydroplan\/hyb-plus\/","title":{"rendered":"HyB Plus"},"content":{"rendered":"\t\t<div data-elementor-type=\"wp-page\" data-elementor-id=\"837\" class=\"elementor elementor-837\">\n\t\t\t\t<div class=\"elementor-element elementor-element-81ec1f2 e-flex e-con-boxed e-con e-parent\" data-id=\"81ec1f2\" data-element_type=\"container\" data-core-v316-plus=\"true\">\n\t\t\t\t\t<div class=\"e-con-inner\">\n\t\t<div class=\"elementor-element elementor-element-1a0bac7 e-con-full e-flex e-con e-child\" data-id=\"1a0bac7\" data-element_type=\"container\">\n\t\t\t\t<div class=\"elementor-element elementor-element-f3c899f elementor-widget elementor-widget-image\" data-id=\"f3c899f\" data-element_type=\"widget\" data-widget_type=\"image.default\">\n\t\t\t\t<div class=\"elementor-widget-container\">\n\t\t\t<style>\/*! elementor - v3.20.0 - 13-03-2024 *\/\n.elementor-widget-image{text-align:center}.elementor-widget-image a{display:inline-block}.elementor-widget-image a img[src$=\".svg\"]{width:48px}.elementor-widget-image img{vertical-align:middle;display:inline-block}<\/style>\t\t\t\t\t\t\t\t\t\t<img decoding=\"async\" width=\"230\" height=\"188\" src=\"https:\/\/megainter.com.br\/hydroplan\/wp-content\/uploads\/2024\/03\/logo-interna.png\" class=\"attachment-large size-large wp-image-158\" alt=\"\" \/>\t\t\t\t\t\t\t\t\t\t\t\t\t<\/div>\n\t\t\t\t<\/div>\n\t\t\t\t<\/div>\n\t\t<div class=\"elementor-element elementor-element-115ccb1 e-con-full e-flex e-con e-child\" data-id=\"115ccb1\" data-element_type=\"container\">\n\t\t<div class=\"elementor-element elementor-element-edac96b e-flex e-con-boxed e-con e-child\" data-id=\"edac96b\" data-element_type=\"container\">\n\t\t\t\t\t<div class=\"e-con-inner\">\n\t\t\t\t<div class=\"elementor-element elementor-element-7190b26 elementor-widget elementor-widget-heading\" data-id=\"7190b26\" data-element_type=\"widget\" data-widget_type=\"heading.default\">\n\t\t\t\t<div class=\"elementor-widget-container\">\n\t\t\t<style>\/*! elementor - v3.20.0 - 13-03-2024 *\/\n.elementor-heading-title{padding:0;margin:0;line-height:1}.elementor-widget-heading .elementor-heading-title[class*=elementor-size-]>a{color:inherit;font-size:inherit;line-height:inherit}.elementor-widget-heading .elementor-heading-title.elementor-size-small{font-size:15px}.elementor-widget-heading .elementor-heading-title.elementor-size-medium{font-size:19px}.elementor-widget-heading .elementor-heading-title.elementor-size-large{font-size:29px}.elementor-widget-heading .elementor-heading-title.elementor-size-xl{font-size:39px}.elementor-widget-heading .elementor-heading-title.elementor-size-xxl{font-size:59px}<\/style><h2 class=\"elementor-heading-title elementor-size-default\">HyB Plus<\/h2>\t\t<\/div>\n\t\t\t\t<\/div>\n\t\t\t\t\t<\/div>\n\t\t\t\t<\/div>\n\t\t\t\t<div class=\"elementor-element elementor-element-e6dfee2 elementor-widget elementor-widget-text-editor\" data-id=\"e6dfee2\" data-element_type=\"widget\" data-widget_type=\"text-editor.default\">\n\t\t\t\t<div class=\"elementor-widget-container\">\n\t\t\t<style>\/*! elementor - v3.20.0 - 13-03-2024 *\/\n.elementor-widget-text-editor.elementor-drop-cap-view-stacked .elementor-drop-cap{background-color:#69727d;color:#fff}.elementor-widget-text-editor.elementor-drop-cap-view-framed .elementor-drop-cap{color:#69727d;border:3px solid;background-color:transparent}.elementor-widget-text-editor:not(.elementor-drop-cap-view-default) .elementor-drop-cap{margin-top:8px}.elementor-widget-text-editor:not(.elementor-drop-cap-view-default) .elementor-drop-cap-letter{width:1em;height:1em}.elementor-widget-text-editor .elementor-drop-cap{float:left;text-align:center;line-height:1;font-size:50px}.elementor-widget-text-editor .elementor-drop-cap-letter{display:inline-block}<\/style>\t\t\t\t<p>Comemorando 25 anos de sua funda\u00e7\u00e3o neste ano de 2024, a HYDROPLAN-EB uma empresa voltada \u00e0 tecnologia, inova\u00e7\u00e3o e sustentabilidade, traz aos mercados de silvicultura e agr\u00edcola um produto \u00fanico e diferenciado para as atividades de plantio e transplante de mudas.<br \/><br \/>O novo pol\u00edmero superabsorvente Hydroplan-EB (SAP) para plantio, \u00e9 um pol\u00edmero de alta qualidade e pureza, especialmente desenvolvido para as atividades de silvicultura e agricultura, que al\u00e9m do pol\u00edmero de alt\u00edssima qualidade, cont\u00e9m aditivos bioestimulantes em sua formula\u00e7\u00e3o que servir\u00e3o como promotores da multiplica\u00e7\u00e3o celular e ativadores da fisiologia das mudas, onde al\u00e9m de um maior pegamento e desenvolvimento inicial das plantas, tamb\u00e9m ajudar\u00e1 na diminui\u00e7\u00e3o das atividades de replante e consequentemente em menores gastos com m\u00e3o-de-obra e mais mudas. <br \/><br \/>Tais aditivos v\u00e3o aumentar os n\u00edveis de nitrog\u00eanio, carbono org\u00e2nico e enzimas que reduzem os n\u00edveis de estresse fisiol\u00f3gico causados pelo transplante, al\u00e9m de fornecer uma cadeia de amino\u00e1cidos juntamente com \u00e1cidos org\u00e2nicos de primeira linha, tudo o que a planta necessita para um desenvolvimento inicial, r\u00e1pido e vigoroso, estimulando o seu enraizamento e crescimento dos meristemas. Ainda cont\u00e9m minerais estrat\u00e9gicos tectossilicatos que atuam como um condicionador de solos permanente, sendo vezes mais reativo do que a argila por exemplo, o que vai proporcionar uma melhor reten\u00e7\u00e3o de \u00e1gua e nutrientes que posteriormente ser\u00e3o liberados junto \u00e0 planta, melhorando o ambiente na zona da rizosfera. <br \/><br \/>Estes aditivos proporcionam inclusive uma evapora\u00e7\u00e3o menor da \u00e1gua contida no solo e\/ou utilizada na irriga\u00e7\u00e3o de salvamento ou posterior ao transplante nas primeiras semanas ap\u00f3s a sua utiliza\u00e7\u00e3o (condicionamento de solo).<br \/><br \/>Quando imerso em \u00e1gua, o pol\u00edmero chega a absorver de 200 a 400 vezes seu peso e aumenta seu tamanho em at\u00e9 100 vezes.<br \/><br \/>A recomenda\u00e7\u00e3o das dosagens mais adequadas para cada cultura, depender\u00e1 de fatores como: m\u00e9todo de transplante, tipo de solo, cultura, clima e forma de aplica\u00e7\u00e3o.<\/p>\t\t\t\t\t\t<\/div>\n\t\t\t\t<\/div>\n\t\t\t\t<div class=\"elementor-element elementor-element-bd7ea10 elementor-widget elementor-widget-text-editor\" data-id=\"bd7ea10\" data-element_type=\"widget\" data-widget_type=\"text-editor.default\">\n\t\t\t\t<div class=\"elementor-widget-container\">\n\t\t\t\t\t\t\t<p><strong>VANTAGENS<\/strong><br \/>&#8211; Redu\u00e7\u00e3o de morte das mudas p\u00f3s-transplante e melhor otimiza\u00e7\u00e3o dos recursos.<br \/>&#8211; Al\u00e9m de beneficiar o meio ambiente, ele age como um reservat\u00f3rio de \u00e1gua no p\u00e9 da muda.<br \/>&#8211; Melhora as propriedades f\u00edsicas dos solos e substratos, deixando-os mais porosos.<br \/>&#8211; Favorece o crescimento e o desenvolvimento inicial das plantas.<br \/>&#8211; Diminui a possibilidade de atingir o ponto de murcha permanente e a planta morrer.<br \/>&#8211; Redu\u00e7\u00e3o da frequ\u00eancia e\/ou do volume de \u00e1gua usado na irriga\u00e7\u00e3o.<br \/>&#8211; Aumento da taxa de &#8220;pegamento&#8221; das mudas no campo.<br \/>&#8211; Diminui\u00e7\u00e3o das perdas de \u00e1gua e nutrientes.<br \/>&#8211; Redu\u00e7\u00e3o da evapora\u00e7\u00e3o de \u00e1gua no solo.<br \/>&#8211; Melhora a CTC na zona radicular.<\/p>\t\t\t\t\t\t<\/div>\n\t\t\t\t<\/div>\n\t\t\t\t<div class=\"elementor-element elementor-element-7b879ef elementor-widget elementor-widget-image\" data-id=\"7b879ef\" data-element_type=\"widget\" data-widget_type=\"image.default\">\n\t\t\t\t<div class=\"elementor-widget-container\">\n\t\t\t\t\t\t\t\t\t\t\t\t\t<img decoding=\"async\" width=\"140\" height=\"156\" src=\"https:\/\/megainter.com.br\/hydroplan\/wp-content\/uploads\/2024\/05\/Folheto-Gel-HyB-Plus0001-1.png\" class=\"attachment-large size-large wp-image-840\" alt=\"\" \/>\t\t\t\t\t\t\t\t\t\t\t\t\t<\/div>\n\t\t\t\t<\/div>\n\t\t<div class=\"elementor-element elementor-element-337bec4 e-grid e-con-boxed e-con e-child\" data-id=\"337bec4\" data-element_type=\"container\">\n\t\t\t\t\t<div class=\"e-con-inner\">\n\t\t\t\t<div class=\"elementor-element elementor-element-c1fcdfe elementor-widget elementor-widget-image\" data-id=\"c1fcdfe\" data-element_type=\"widget\" data-widget_type=\"image.default\">\n\t\t\t\t<div class=\"elementor-widget-container\">\n\t\t\t\t\t\t\t\t\t\t\t\t\t\t<a href=\"https:\/\/megainter.com.br\/hydroplan\/hyb-plus\/\">\n\t\t\t\t\t\t\t<img fetchpriority=\"high\" decoding=\"async\" width=\"449\" height=\"457\" src=\"https:\/\/megainter.com.br\/hydroplan\/wp-content\/uploads\/2024\/05\/gel-hyb.png\" class=\"elementor-animation-grow attachment-large size-large wp-image-833\" alt=\"\" srcset=\"https:\/\/megainter.com.br\/hydroplan\/wp-content\/uploads\/2024\/05\/gel-hyb.png 449w, https:\/\/megainter.com.br\/hydroplan\/wp-content\/uploads\/2024\/05\/gel-hyb-295x300.png 295w\" sizes=\"(max-width: 449px) 100vw, 449px\" \/>\t\t\t\t\t\t\t\t<\/a>\n\t\t\t\t\t\t\t\t\t\t\t\t\t<\/div>\n\t\t\t\t<\/div>\n\t\t\t\t<div class=\"elementor-element elementor-element-4320f56 elementor-widget elementor-widget-image\" data-id=\"4320f56\" data-element_type=\"widget\" data-widget_type=\"image.default\">\n\t\t\t\t<div class=\"elementor-widget-container\">\n\t\t\t\t\t\t\t\t\t\t\t\t\t\t<a href=\"https:\/\/megainter.com.br\/hydroplan\/hb-10\/\">\n\t\t\t\t\t\t\t<img loading=\"lazy\" decoding=\"async\" width=\"449\" height=\"457\" src=\"https:\/\/megainter.com.br\/hydroplan\/wp-content\/uploads\/2024\/03\/hb-10.png\" class=\"elementor-animation-grow attachment-large size-large wp-image-425\" alt=\"\" srcset=\"https:\/\/megainter.com.br\/hydroplan\/wp-content\/uploads\/2024\/03\/hb-10.png 449w, https:\/\/megainter.com.br\/hydroplan\/wp-content\/uploads\/2024\/03\/hb-10-295x300.png 295w\" sizes=\"(max-width: 449px) 100vw, 449px\" \/>\t\t\t\t\t\t\t\t<\/a>\n\t\t\t\t\t\t\t\t\t\t\t\t\t<\/div>\n\t\t\t\t<\/div>\n\t\t\t\t\t<\/div>\n\t\t\t\t<\/div>\n\t\t\t\t<\/div>\n\t\t\t\t\t<\/div>\n\t\t\t\t<\/div>\n\t\t\t\t<\/div>\n\t\t","protected":false},"excerpt":{"rendered":"<p>HyB Plus Comemorando 25 anos de sua funda\u00e7\u00e3o neste ano de 2024, a HYDROPLAN-EB uma empresa voltada \u00e0 tecnologia, inova\u00e7\u00e3o e sustentabilidade, traz aos mercados de silvicultura e agr\u00edcola um produto \u00fanico e diferenciado para as atividades de plantio e transplante de mudas. O novo pol\u00edmero superabsorvente Hydroplan-EB (SAP) para plantio, \u00e9 um pol\u00edmero de [&hellip;]<\/p>\n","protected":false},"author":1,"featured_media":0,"parent":0,"menu_order":0,"comment_status":"closed","ping_status":"closed","template":"elementor_canvas","meta":{"footnotes":""},"class_list":["post-837","page","type-page","status-publish","hentry"],"_links":{"self":[{"href":"https:\/\/megainter.com.br\/hydroplan\/wp-json\/wp\/v2\/pages\/837","targetHints":{"allow":["GET"]}}],"collection":[{"href":"https:\/\/megainter.com.br\/hydroplan\/wp-json\/wp\/v2\/pages"}],"about":[{"href":"https:\/\/megainter.com.br\/hydroplan\/wp-json\/wp\/v2\/types\/page"}],"author":[{"embeddable":true,"href":"https:\/\/megainter.com.br\/hydroplan\/wp-json\/wp\/v2\/users\/1"}],"replies":[{"embeddable":true,"href":"https:\/\/megainter.com.br\/hydroplan\/wp-json\/wp\/v2\/comments?post=837"}],"version-history":[{"count":7,"href":"https:\/\/megainter.com.br\/hydroplan\/wp-json\/wp\/v2\/pages\/837\/revisions"}],"predecessor-version":[{"id":865,"href":"https:\/\/megainter.com.br\/hydroplan\/wp-json\/wp\/v2\/pages\/837\/revisions\/865"}],"wp:attachment":[{"href":"https:\/\/megainter.com.br\/hydroplan\/wp-json\/wp\/v2\/media?parent=837"}],"curies":[{"name":"wp","href":"https:\/\/api.w.org\/{rel}","templated":true}]}}